{"id":153,"date":"2024-06-07T04:33:47","date_gmt":"2024-06-07T04:33:47","guid":{"rendered":"https:\/\/iglesiaelfaroinc.org\/?page_id=153"},"modified":"2024-07-28T04:09:52","modified_gmt":"2024-07-28T04:09:52","slug":"media","status":"publish","type":"page","link":"https:\/\/iglesiaelfaroinc.org\/en\/media\/","title":{"rendered":"Media"},"content":{"rendered":"<div class=\"wp-block-cover alignfull is-light\" style=\"min-height:752px;aspect-ratio:unset;\"><span aria-hidden=\"true\" class=\"wp-block-cover__background has-background-dim-30 has-background-dim\"><\/span><video class=\"wp-block-cover__video-background intrinsic-ignore\" autoplay muted loop playsinline src=\"https:\/\/iglesiaelfaroinc.org\/wp-content\/uploads\/2024\/06\/Media1-1.mp4\" data-object-fit=\"cover\"><\/video><div class=\"wp-block-cover__inner-container has-global-padding is-layout-constrained wp-block-cover-is-layout-constrained\">\n<p class=\"has-text-align-center has-white-color has-text-color has-max-72-font-size\"><strong>MEDIA MINISTRY <\/strong><\/p>\n<\/div><\/div>\n\n\n\n<div class=\"nfd-container nfd-p-lg wp-block-group has-primary-background-color has-background nfd-divider-arrow nfd-bg-surface nfd-theme-darker has-global-padding is-layout-constrained wp-container-core-group-is-layout-904cad48 wp-block-group-is-layout-constrained\" style=\"margin-top:0;margin-bottom:0;padding-top:var(--wp--preset--spacing--x-small);padding-right:0;padding-bottom:var(--wp--preset--spacing--x-small);padding-left:0;font-size:0px\">\n<div class=\"nfd-gap-xl wp-block-group is-vertical is-content-justification-center is-layout-flex wp-container-core-group-is-layout-4eb4b0f8 wp-block-group-is-layout-flex\">\n<p class=\"nfd-text-md nfd-text-balance nfd-text-faded has-text-align-center\">The Multimedia Production of El Faro is a tool to help improve the church's mission through visual and sound effects through audio, television, and multimedia. <\/p>\n\n\n\n<p class=\"nfd-text-md nfd-text-balance nfd-text-faded has-text-align-center\">Our vision is to broadcast internationally and capture the hearts and souls of all people through technology.<\/p>\n<\/div>\n<\/div>\n\n\n\n<div style=\"margin-top:0;margin-bottom:0;height:var(--wp--preset--spacing--small)\" aria-hidden=\"true\" class=\"wp-block-spacer\"><\/div>\n\n\n\n<div class=\"nfd-container nfd-my-0 wp-block-group has-lightgrey-background-color has-background has-global-padding is-layout-constrained wp-container-core-group-is-layout-6d08aa83 wp-block-group-is-layout-constrained\" style=\"min-height:0px;margin-top:0;margin-bottom:0;padding-top:0;padding-right:0;padding-bottom:0;padding-left:0\">\n<div class=\"nfd-gap-3xl nfd-gap-y-2xl wp-block-columns alignwide are-vertically-aligned-center is-layout-flex wp-container-core-columns-is-layout-28f84493 wp-block-columns-is-layout-flex\">\n<div class=\"wp-block-column is-vertically-aligned-center is-layout-flow wp-container-core-column-is-layout-8a368f38 wp-block-column-is-layout-flow\">\n<figure class=\"wp-block-image size-large\"><img data-recalc-dims=\"1\" loading=\"lazy\" decoding=\"async\" width=\"950\" height=\"531\" src=\"https:\/\/i0.wp.com\/iglesiaelfaroinc.org\/wp-content\/uploads\/2024\/06\/Watch-Live.png?resize=950%2C531&#038;ssl=1\" alt=\"\" class=\"wp-image-451\" style=\"aspect-ratio:16\/9;object-fit:cover\" srcset=\"https:\/\/i0.wp.com\/iglesiaelfaroinc.org\/wp-content\/uploads\/2024\/06\/Watch-Live.png?resize=1024%2C572&amp;ssl=1 1024w, https:\/\/i0.wp.com\/iglesiaelfaroinc.org\/wp-content\/uploads\/2024\/06\/Watch-Live.png?resize=300%2C168&amp;ssl=1 300w, https:\/\/i0.wp.com\/iglesiaelfaroinc.org\/wp-content\/uploads\/2024\/06\/Watch-Live.png?resize=2000%2C1117&amp;ssl=1 2000w, https:\/\/i0.wp.com\/iglesiaelfaroinc.org\/wp-content\/uploads\/2024\/06\/Watch-Live.png?resize=18%2C10&amp;ssl=1 18w, https:\/\/i0.wp.com\/iglesiaelfaroinc.org\/wp-content\/uploads\/2024\/06\/Watch-Live.png?w=1900&amp;ssl=1 1900w, https:\/\/i0.wp.com\/iglesiaelfaroinc.org\/wp-content\/uploads\/2024\/06\/Watch-Live.png?w=2850&amp;ssl=1 2850w\" sizes=\"auto, (max-width: 950px) 100vw, 950px\" \/><\/figure>\n<\/div>\n\n\n\n<div class=\"md:nfd-order-2 wp-block-column is-vertically-aligned-center has-global-padding is-content-justification-left is-layout-constrained wp-container-core-column-is-layout-e6de8758 wp-block-column-is-layout-constrained\">\n<div class=\"nfd-gap-md wp-block-group is-vertical is-content-justification-stretch is-layout-flex wp-container-core-group-is-layout-353c4f5a wp-block-group-is-layout-flex\">\n<h3 class=\"nfd-text-xl nfd-text-contrast nfd-text-balance wp-block-heading\"> Live Streaming <\/h3>\n\n\n\n<p class=\"nfd-text-balance has-medium-font-size\">Welcome to the exciting world of live streaming!&nbsp;<\/p>\n\n\n\n<div style=\"height:0px\" aria-hidden=\"true\" class=\"wp-block-spacer wp-container-content-9760934e\"><\/div>\n\n\n\n<div class=\"md:nfd-hidden nfd-weight-inherit wp-block-buttons is-content-justification-left is-layout-flex wp-container-core-buttons-is-layout-fc4fd283 wp-block-buttons-is-layout-flex\" style=\"font-style:normal;font-weight:600\">\n<div class=\"wp-block-button\"><a class=\"wp-block-button__link wp-element-button\" href=\"https:\/\/iglesiaelfaroinc.org\/en\/live\/\">Live<\/a><\/div>\n<\/div>\n<\/div>\n<\/div>\n<\/div>\n<\/div>\n\n\n\n<div class=\"nfd-container nfd-my-0 wp-block-group has-lightgrey-background-color has-background nfd-bg-surface nfd-theme-white has-global-padding is-layout-constrained wp-block-group-is-layout-constrained\">\n<div class=\"nfd-gap-3xl nfd-gap-y-2xl wp-block-columns alignwide are-vertically-aligned-center is-layout-flex wp-container-core-columns-is-layout-28f84493 wp-block-columns-is-layout-flex\">\n<div class=\"md:nfd-order-2 wp-block-column is-vertically-aligned-center has-global-padding is-content-justification-left is-layout-constrained wp-container-core-column-is-layout-dc37ffa9 wp-block-column-is-layout-constrained\">\n<div class=\"nfd-gap-md wp-block-group is-vertical is-content-justification-stretch is-layout-flex wp-container-core-group-is-layout-353c4f5a wp-block-group-is-layout-flex\">\n<div class=\"wp-block-group is-nowrap is-layout-flex wp-container-core-group-is-layout-6c531013 wp-block-group-is-layout-flex\"><\/div>\n\n\n\n<h3 class=\"nfd-text-xl nfd-text-contrast nfd-text-balance wp-block-heading\">El Faro Radio<\/h3>\n\n\n\n<p class=\"nfd-text-balance has-medium-font-size\">At El Faro Radio, our mission is to inspire, uplift, and bring hope to our listeners through Christ-centered programming. <\/p>\n\n\n\n<div class=\"wp-block-buttons is-layout-flex wp-block-buttons-is-layout-flex\">\n<div class=\"wp-block-button\"><a class=\"wp-block-button__link wp-element-button\" href=\"https:\/\/iglesiaelfaroinc.org\/en\/el-faro-radio\/\"><strong>El Faro Radio<\/strong><\/a><\/div>\n<\/div>\n\n\n\n<hr class=\"is-style-wide wp-block-separator has-alpha-channel-opacity\" style=\"margin-top:var(--wp--preset--spacing--10);margin-bottom:var(--wp--preset--spacing--10)\"\/>\n\n\n\n<div style=\"height:0px\" aria-hidden=\"true\" class=\"wp-block-spacer wp-container-content-9760934e\"><\/div>\n<\/div>\n<\/div>\n\n\n\n<div class=\"wp-block-column is-vertically-aligned-center is-layout-flow wp-container-core-column-is-layout-8a368f38 wp-block-column-is-layout-flow\">\n<figure class=\"wp-block-image size-large\"><img data-recalc-dims=\"1\" loading=\"lazy\" decoding=\"async\" width=\"950\" height=\"534\" src=\"https:\/\/i0.wp.com\/iglesiaelfaroinc.org\/wp-content\/uploads\/2024\/06\/Picture4.jpg?resize=950%2C534&#038;ssl=1\" alt=\"\" class=\"wp-image-300\" style=\"aspect-ratio:16\/9;object-fit:cover\" srcset=\"https:\/\/i0.wp.com\/iglesiaelfaroinc.org\/wp-content\/uploads\/2024\/06\/Picture4-scaled.jpg?resize=1024%2C576&amp;ssl=1 1024w, https:\/\/i0.wp.com\/iglesiaelfaroinc.org\/wp-content\/uploads\/2024\/06\/Picture4-scaled.jpg?resize=300%2C169&amp;ssl=1 300w, https:\/\/i0.wp.com\/iglesiaelfaroinc.org\/wp-content\/uploads\/2024\/06\/Picture4-scaled.jpg?resize=2000%2C1125&amp;ssl=1 2000w, https:\/\/i0.wp.com\/iglesiaelfaroinc.org\/wp-content\/uploads\/2024\/06\/Picture4-scaled.jpg?resize=18%2C10&amp;ssl=1 18w, https:\/\/i0.wp.com\/iglesiaelfaroinc.org\/wp-content\/uploads\/2024\/06\/Picture4-scaled.jpg?w=1900&amp;ssl=1 1900w\" sizes=\"auto, (max-width: 950px) 100vw, 950px\" \/><\/figure>\n<\/div>\n<\/div>\n<\/div>\n\n\n\n<div class=\"nfd-container nfd-my-0 wp-block-group has-lightgrey-background-color has-background has-global-padding is-layout-constrained wp-block-group-is-layout-constrained\">\n<div class=\"nfd-gap-3xl nfd-gap-y-2xl wp-block-columns alignwide are-vertically-aligned-center is-layout-flex wp-container-core-columns-is-layout-28f84493 wp-block-columns-is-layout-flex\">\n<div class=\"wp-block-column is-vertically-aligned-center is-layout-flow wp-container-core-column-is-layout-8a368f38 wp-block-column-is-layout-flow\">\n<figure class=\"wp-block-image size-large\"><img data-recalc-dims=\"1\" loading=\"lazy\" decoding=\"async\" width=\"950\" height=\"535\" src=\"https:\/\/i0.wp.com\/iglesiaelfaroinc.org\/wp-content\/uploads\/2024\/06\/ElFaro-Blog-2.png?resize=950%2C535&#038;ssl=1\" alt=\"\" class=\"wp-image-449\" style=\"aspect-ratio:16\/9;object-fit:cover\" srcset=\"https:\/\/i0.wp.com\/iglesiaelfaroinc.org\/wp-content\/uploads\/2024\/06\/ElFaro-Blog-2.png?resize=1024%2C577&amp;ssl=1 1024w, https:\/\/i0.wp.com\/iglesiaelfaroinc.org\/wp-content\/uploads\/2024\/06\/ElFaro-Blog-2.png?resize=300%2C169&amp;ssl=1 300w, https:\/\/i0.wp.com\/iglesiaelfaroinc.org\/wp-content\/uploads\/2024\/06\/ElFaro-Blog-2.png?resize=2000%2C1127&amp;ssl=1 2000w, https:\/\/i0.wp.com\/iglesiaelfaroinc.org\/wp-content\/uploads\/2024\/06\/ElFaro-Blog-2.png?resize=18%2C10&amp;ssl=1 18w, https:\/\/i0.wp.com\/iglesiaelfaroinc.org\/wp-content\/uploads\/2024\/06\/ElFaro-Blog-2.png?w=1900&amp;ssl=1 1900w, https:\/\/i0.wp.com\/iglesiaelfaroinc.org\/wp-content\/uploads\/2024\/06\/ElFaro-Blog-2.png?w=2850&amp;ssl=1 2850w\" sizes=\"auto, (max-width: 950px) 100vw, 950px\" \/><\/figure>\n<\/div>\n\n\n\n<div class=\"md:nfd-order-2 wp-block-column is-vertically-aligned-center has-global-padding is-content-justification-left is-layout-constrained wp-container-core-column-is-layout-e6de8758 wp-block-column-is-layout-constrained\">\n<div class=\"nfd-gap-md wp-block-group is-vertical is-content-justification-stretch is-layout-flex wp-container-core-group-is-layout-353c4f5a wp-block-group-is-layout-flex\">\n<h3 class=\"nfd-text-xl nfd-text-contrast nfd-text-balance wp-block-heading\">Blog<\/h3>\n\n\n\n<p class=\"nfd-text-balance has-medium-font-size\">Come soon!\u00a0* Stay tuned and sign up for more!<\/p>\n\n\n\n<div style=\"height:0px\" aria-hidden=\"true\" class=\"wp-block-spacer wp-container-content-9760934e\"><\/div>\n\n\n\n<div class=\"md:nfd-hidden nfd-weight-inherit wp-block-buttons is-content-justification-left is-layout-flex wp-container-core-buttons-is-layout-fc4fd283 wp-block-buttons-is-layout-flex\" style=\"font-style:normal;font-weight:600\">\n<div class=\"wp-block-button\"><a class=\"wp-block-button__link wp-element-button\" href=\"https:\/\/iglesiaelfaroinc.org\/en\/live\/\"><strong>Blog<\/strong><\/a><\/div>\n<\/div>\n<\/div>\n<\/div>\n<\/div>\n<\/div>\n\n\n\n<div class=\"nfd-container nfd-my-0 wp-block-group has-lightgrey-background-color has-background nfd-bg-surface nfd-theme-white has-global-padding is-layout-constrained wp-block-group-is-layout-constrained\">\n<div class=\"nfd-gap-3xl nfd-gap-y-2xl wp-block-columns alignwide are-vertically-aligned-center is-layout-flex wp-container-core-columns-is-layout-28f84493 wp-block-columns-is-layout-flex\">\n<div class=\"md:nfd-order-2 wp-block-column is-vertically-aligned-center has-global-padding is-content-justification-left is-layout-constrained wp-container-core-column-is-layout-dc37ffa9 wp-block-column-is-layout-constrained\">\n<div class=\"nfd-gap-md wp-block-group is-vertical is-content-justification-stretch is-layout-flex wp-container-core-group-is-layout-353c4f5a wp-block-group-is-layout-flex\">\n<div class=\"wp-block-group is-nowrap is-layout-flex wp-container-core-group-is-layout-6c531013 wp-block-group-is-layout-flex\"><\/div>\n\n\n\n<h3 class=\"nfd-text-xl nfd-text-contrast nfd-text-balance wp-block-heading\">Podcast<\/h3>\n\n\n\n<p class=\"nfd-text-balance has-medium-font-size\">Come soon!\u00a0* Stay tuned and sign up for more!<\/p>\n\n\n\n<div class=\"wp-block-buttons is-layout-flex wp-block-buttons-is-layout-flex\">\n<div class=\"wp-block-button\"><a class=\"wp-block-button__link wp-element-button\" href=\"https:\/\/iglesiaelfaroinc.org\/en\/el-faro-radio\/\"><strong>Podcast<\/strong><\/a><\/div>\n<\/div>\n\n\n\n<div style=\"height:0px\" aria-hidden=\"true\" class=\"wp-block-spacer wp-container-content-9760934e\"><\/div>\n<\/div>\n<\/div>\n\n\n\n<div class=\"wp-block-column is-vertically-aligned-center is-layout-flow wp-container-core-column-is-layout-8a368f38 wp-block-column-is-layout-flow\">\n<figure class=\"wp-block-image size-large\"><img data-recalc-dims=\"1\" loading=\"lazy\" decoding=\"async\" width=\"950\" height=\"537\" src=\"https:\/\/i0.wp.com\/iglesiaelfaroinc.org\/wp-content\/uploads\/2024\/06\/Podcast-Flyer.png?resize=950%2C537&#038;ssl=1\" alt=\"\" class=\"wp-image-450\" style=\"aspect-ratio:16\/9;object-fit:cover\" srcset=\"https:\/\/i0.wp.com\/iglesiaelfaroinc.org\/wp-content\/uploads\/2024\/06\/Podcast-Flyer.png?resize=1024%2C579&amp;ssl=1 1024w, https:\/\/i0.wp.com\/iglesiaelfaroinc.org\/wp-content\/uploads\/2024\/06\/Podcast-Flyer.png?resize=300%2C170&amp;ssl=1 300w, https:\/\/i0.wp.com\/iglesiaelfaroinc.org\/wp-content\/uploads\/2024\/06\/Podcast-Flyer.png?resize=2000%2C1132&amp;ssl=1 2000w, https:\/\/i0.wp.com\/iglesiaelfaroinc.org\/wp-content\/uploads\/2024\/06\/Podcast-Flyer.png?resize=18%2C10&amp;ssl=1 18w, https:\/\/i0.wp.com\/iglesiaelfaroinc.org\/wp-content\/uploads\/2024\/06\/Podcast-Flyer.png?w=1900&amp;ssl=1 1900w, https:\/\/i0.wp.com\/iglesiaelfaroinc.org\/wp-content\/uploads\/2024\/06\/Podcast-Flyer.png?w=2850&amp;ssl=1 2850w\" sizes=\"auto, (max-width: 950px) 100vw, 950px\" \/><\/figure>\n<\/div>\n<\/div>\n<\/div>","protected":false},"excerpt":{"rendered":"<p>La Producci\u00f3n Multimedia de El Faro es una herramienta para ayudar a mejorar la misi\u00f3n de la iglesia a trav\u00e9s de efectos visuales y sonoros a trav\u00e9s de audio, televisi\u00f3n y multimedia. Nuestra visi\u00f3n es transmitir internacionalmente y capturar los corazones y las almas de todas las personas a trav\u00e9s de la tecnolog\u00eda. Transmisi\u00f3n en &hellip; <\/p>\n<p class=\"link-more\"><a href=\"https:\/\/iglesiaelfaroinc.org\/en\/media\/\" class=\"more-link\">Read more<span class=\"screen-reader-text\"> &#8220;Media&#8221;<\/span><\/a><\/p>","protected":false},"author":1,"featured_media":0,"parent":0,"menu_order":0,"comment_status":"closed","ping_status":"closed","template":"page-templates\/full-width-transparent.php","meta":{"nf_dc_page":"","WB4WB4WP_MODE":"","WB4WP_PAGE_SCRIPTS":"","WB4WP_PAGE_STYLES":"","WB4WP_PAGE_FONTS":"","WB4WP_PAGE_HEADER":"","WB4WP_PAGE_FOOTER":"","_monsterinsights_skip_tracking":false,"_monsterinsights_sitenote_active":false,"_monsterinsights_sitenote_note":"","_monsterinsights_sitenote_category":0,"_uf_show_specific_survey":0,"_uf_disable_surveys":false,"inspiro_hide_title":false,"footnotes":""},"class_list":["post-153","page","type-page","status-publish","hentry"],"yoast_head":"<!-- This site is optimized with the Yoast SEO plugin v27.4 - https:\/\/yoast.com\/product\/yoast-seo-wordpress\/ -->\n<title>Media<\/title>\n<meta name=\"description\" content=\"MINISTERIO DE MEDIOS La Producci\u00f3n Multimedia de El Faro es una herramienta para ayudar a mejorar la misi\u00f3n de la iglesia a trav\u00e9s de efectos visuales y\" \/>\n<meta name=\"robots\" content=\"index, follow, max-snippet:-1, max-image-preview:large, max-video-preview:-1\" \/>\n<link rel=\"canonical\" href=\"https:\/\/iglesiaelfaroinc.org\/en\/media\/\" \/>\n<meta property=\"og:locale\" content=\"en_US\" \/>\n<meta property=\"og:type\" content=\"article\" \/>\n<meta property=\"og:title\" content=\"Media\" \/>\n<meta property=\"og:description\" content=\"MINISTERIO DE MEDIOS La Producci\u00f3n Multimedia de El Faro es una herramienta para ayudar a mejorar la misi\u00f3n de la iglesia a trav\u00e9s de efectos visuales y\" \/>\n<meta property=\"og:url\" content=\"https:\/\/iglesiaelfaroinc.org\/en\/media\/\" \/>\n<meta property=\"og:site_name\" content=\"iglesiaelfaroinc.org\" \/>\n<meta property=\"article:publisher\" content=\"https:\/\/www.facebook.com\/IglesiaElFaro01\/\" \/>\n<meta property=\"article:modified_time\" content=\"2024-07-28T04:09:52+00:00\" \/>\n<meta property=\"og:image\" content=\"https:\/\/iglesiaelfaroinc.org\/wp-content\/uploads\/2024\/06\/Watch-Live-1024x572.png\" \/>\n<meta name=\"twitter:card\" content=\"summary_large_image\" \/>\n<meta name=\"twitter:site\" content=\"@iglesiaelfaro1\" \/>\n<meta name=\"twitter:label1\" content=\"Est. reading time\" \/>\n\t<meta name=\"twitter:data1\" content=\"2 minutes\" \/>\n<script type=\"application\/ld+json\" class=\"yoast-schema-graph\">{\"@context\":\"https:\\\/\\\/schema.org\",\"@graph\":[{\"@type\":\"WebPage\",\"@id\":\"https:\\\/\\\/iglesiaelfaroinc.org\\\/media\\\/\",\"url\":\"https:\\\/\\\/iglesiaelfaroinc.org\\\/media\\\/\",\"name\":\"Media\",\"isPartOf\":{\"@id\":\"https:\\\/\\\/iglesiaelfaroinc.org\\\/#website\"},\"primaryImageOfPage\":{\"@id\":\"https:\\\/\\\/iglesiaelfaroinc.org\\\/media\\\/#primaryimage\"},\"image\":{\"@id\":\"https:\\\/\\\/iglesiaelfaroinc.org\\\/media\\\/#primaryimage\"},\"thumbnailUrl\":\"https:\\\/\\\/iglesiaelfaroinc.org\\\/wp-content\\\/uploads\\\/2024\\\/06\\\/Watch-Live-1024x572.png\",\"datePublished\":\"2024-06-07T04:33:47+00:00\",\"dateModified\":\"2024-07-28T04:09:52+00:00\",\"description\":\"MINISTERIO DE MEDIOS La Producci\u00f3n Multimedia de El Faro es una herramienta para ayudar a mejorar la misi\u00f3n de la iglesia a trav\u00e9s de efectos visuales y\",\"breadcrumb\":{\"@id\":\"https:\\\/\\\/iglesiaelfaroinc.org\\\/media\\\/#breadcrumb\"},\"inLanguage\":\"en-US\",\"potentialAction\":[{\"@type\":\"ReadAction\",\"target\":[\"https:\\\/\\\/iglesiaelfaroinc.org\\\/media\\\/\"]}]},{\"@type\":\"ImageObject\",\"inLanguage\":\"en-US\",\"@id\":\"https:\\\/\\\/iglesiaelfaroinc.org\\\/media\\\/#primaryimage\",\"url\":\"https:\\\/\\\/iglesiaelfaroinc.org\\\/wp-content\\\/uploads\\\/2024\\\/06\\\/Watch-Live-1024x572.png\",\"contentUrl\":\"https:\\\/\\\/iglesiaelfaroinc.org\\\/wp-content\\\/uploads\\\/2024\\\/06\\\/Watch-Live-1024x572.png\"},{\"@type\":\"BreadcrumbList\",\"@id\":\"https:\\\/\\\/iglesiaelfaroinc.org\\\/media\\\/#breadcrumb\",\"itemListElement\":[{\"@type\":\"ListItem\",\"position\":1,\"name\":\"Home\",\"item\":\"https:\\\/\\\/iglesiaelfaroinc.org\\\/\"},{\"@type\":\"ListItem\",\"position\":2,\"name\":\"Media\"}]},{\"@type\":\"WebSite\",\"@id\":\"https:\\\/\\\/iglesiaelfaroinc.org\\\/#website\",\"url\":\"https:\\\/\\\/iglesiaelfaroinc.org\\\/\",\"name\":\"Iglesia El Faro Inc.\",\"description\":\"Multitudes Para Cristo\",\"publisher\":{\"@id\":\"https:\\\/\\\/iglesiaelfaroinc.org\\\/#organization\"},\"potentialAction\":[{\"@type\":\"SearchAction\",\"target\":{\"@type\":\"EntryPoint\",\"urlTemplate\":\"https:\\\/\\\/iglesiaelfaroinc.org\\\/?s={search_term_string}\"},\"query-input\":{\"@type\":\"PropertyValueSpecification\",\"valueRequired\":true,\"valueName\":\"search_term_string\"}}],\"inLanguage\":\"en-US\"},{\"@type\":\"Organization\",\"@id\":\"https:\\\/\\\/iglesiaelfaroinc.org\\\/#organization\",\"name\":\"Pentecostal Church of Jesus Christ El Faro Inc.\",\"alternateName\":\"Iglesia El Faro Inc.\",\"url\":\"https:\\\/\\\/iglesiaelfaroinc.org\\\/\",\"logo\":{\"@type\":\"ImageObject\",\"inLanguage\":\"en-US\",\"@id\":\"https:\\\/\\\/iglesiaelfaroinc.org\\\/#\\\/schema\\\/logo\\\/image\\\/\",\"url\":\"https:\\\/\\\/i0.wp.com\\\/iglesiaelfaroinc.org\\\/wp-content\\\/uploads\\\/2024\\\/06\\\/cropped-cropped-cropped-Untitled-removebg-preview-removebg-preview-1-1.png?fit=409%2C419&ssl=1\",\"contentUrl\":\"https:\\\/\\\/i0.wp.com\\\/iglesiaelfaroinc.org\\\/wp-content\\\/uploads\\\/2024\\\/06\\\/cropped-cropped-cropped-Untitled-removebg-preview-removebg-preview-1-1.png?fit=409%2C419&ssl=1\",\"width\":409,\"height\":419,\"caption\":\"Pentecostal Church of Jesus Christ El Faro Inc.\"},\"image\":{\"@id\":\"https:\\\/\\\/iglesiaelfaroinc.org\\\/#\\\/schema\\\/logo\\\/image\\\/\"},\"sameAs\":[\"https:\\\/\\\/www.facebook.com\\\/IglesiaElFaro01\\\/\",\"https:\\\/\\\/x.com\\\/iglesiaelfaro1\",\"https:\\\/\\\/www.instagram.com\\\/iglesiaelfarompc\\\/\",\"https:\\\/\\\/www.youtube.com\\\/channel\\\/UCH3OXcplPzF-yuQ3T1_LEEA\"]}]}<\/script>\n<!-- \/ Yoast SEO plugin. -->","yoast_head_json":{"title":"Media","description":"MINISTERIO DE MEDIOS La Producci\u00f3n Multimedia de El Faro es una herramienta para ayudar a mejorar la misi\u00f3n de la iglesia a trav\u00e9s de efectos visuales y","robots":{"index":"index","follow":"follow","max-snippet":"max-snippet:-1","max-image-preview":"max-image-preview:large","max-video-preview":"max-video-preview:-1"},"canonical":"https:\/\/iglesiaelfaroinc.org\/en\/media\/","og_locale":"en_US","og_type":"article","og_title":"Media","og_description":"MINISTERIO DE MEDIOS La Producci\u00f3n Multimedia de El Faro es una herramienta para ayudar a mejorar la misi\u00f3n de la iglesia a trav\u00e9s de efectos visuales y","og_url":"https:\/\/iglesiaelfaroinc.org\/en\/media\/","og_site_name":"iglesiaelfaroinc.org","article_publisher":"https:\/\/www.facebook.com\/IglesiaElFaro01\/","article_modified_time":"2024-07-28T04:09:52+00:00","og_image":[{"url":"https:\/\/iglesiaelfaroinc.org\/wp-content\/uploads\/2024\/06\/Watch-Live-1024x572.png","type":"","width":"","height":""}],"twitter_card":"summary_large_image","twitter_site":"@iglesiaelfaro1","twitter_misc":{"Est. reading time":"2 minutes"},"schema":{"@context":"https:\/\/schema.org","@graph":[{"@type":"WebPage","@id":"https:\/\/iglesiaelfaroinc.org\/media\/","url":"https:\/\/iglesiaelfaroinc.org\/media\/","name":"Media","isPartOf":{"@id":"https:\/\/iglesiaelfaroinc.org\/#website"},"primaryImageOfPage":{"@id":"https:\/\/iglesiaelfaroinc.org\/media\/#primaryimage"},"image":{"@id":"https:\/\/iglesiaelfaroinc.org\/media\/#primaryimage"},"thumbnailUrl":"https:\/\/iglesiaelfaroinc.org\/wp-content\/uploads\/2024\/06\/Watch-Live-1024x572.png","datePublished":"2024-06-07T04:33:47+00:00","dateModified":"2024-07-28T04:09:52+00:00","description":"MINISTERIO DE MEDIOS La Producci\u00f3n Multimedia de El Faro es una herramienta para ayudar a mejorar la misi\u00f3n de la iglesia a trav\u00e9s de efectos visuales y","breadcrumb":{"@id":"https:\/\/iglesiaelfaroinc.org\/media\/#breadcrumb"},"inLanguage":"en-US","potentialAction":[{"@type":"ReadAction","target":["https:\/\/iglesiaelfaroinc.org\/media\/"]}]},{"@type":"ImageObject","inLanguage":"en-US","@id":"https:\/\/iglesiaelfaroinc.org\/media\/#primaryimage","url":"https:\/\/iglesiaelfaroinc.org\/wp-content\/uploads\/2024\/06\/Watch-Live-1024x572.png","contentUrl":"https:\/\/iglesiaelfaroinc.org\/wp-content\/uploads\/2024\/06\/Watch-Live-1024x572.png"},{"@type":"BreadcrumbList","@id":"https:\/\/iglesiaelfaroinc.org\/media\/#breadcrumb","itemListElement":[{"@type":"ListItem","position":1,"name":"Home","item":"https:\/\/iglesiaelfaroinc.org\/"},{"@type":"ListItem","position":2,"name":"Media"}]},{"@type":"WebSite","@id":"https:\/\/iglesiaelfaroinc.org\/#website","url":"https:\/\/iglesiaelfaroinc.org\/","name":"Iglesia El Faro Inc.","description":"Multitudes Para Cristo","publisher":{"@id":"https:\/\/iglesiaelfaroinc.org\/#organization"},"potentialAction":[{"@type":"SearchAction","target":{"@type":"EntryPoint","urlTemplate":"https:\/\/iglesiaelfaroinc.org\/?s={search_term_string}"},"query-input":{"@type":"PropertyValueSpecification","valueRequired":true,"valueName":"search_term_string"}}],"inLanguage":"en-US"},{"@type":"Organization","@id":"https:\/\/iglesiaelfaroinc.org\/#organization","name":"Pentecostal Church of Jesus Christ El Faro Inc.","alternateName":"Iglesia El Faro Inc.","url":"https:\/\/iglesiaelfaroinc.org\/","logo":{"@type":"ImageObject","inLanguage":"en-US","@id":"https:\/\/iglesiaelfaroinc.org\/#\/schema\/logo\/image\/","url":"https:\/\/i0.wp.com\/iglesiaelfaroinc.org\/wp-content\/uploads\/2024\/06\/cropped-cropped-cropped-Untitled-removebg-preview-removebg-preview-1-1.png?fit=409%2C419&ssl=1","contentUrl":"https:\/\/i0.wp.com\/iglesiaelfaroinc.org\/wp-content\/uploads\/2024\/06\/cropped-cropped-cropped-Untitled-removebg-preview-removebg-preview-1-1.png?fit=409%2C419&ssl=1","width":409,"height":419,"caption":"Pentecostal Church of Jesus Christ El Faro Inc."},"image":{"@id":"https:\/\/iglesiaelfaroinc.org\/#\/schema\/logo\/image\/"},"sameAs":["https:\/\/www.facebook.com\/IglesiaElFaro01\/","https:\/\/x.com\/iglesiaelfaro1","https:\/\/www.instagram.com\/iglesiaelfarompc\/","https:\/\/www.youtube.com\/channel\/UCH3OXcplPzF-yuQ3T1_LEEA"]}]}},"jetpack_sharing_enabled":true,"featured_media_urls":[],"_links":{"self":[{"href":"https:\/\/iglesiaelfaroinc.org\/en\/wp-json\/wp\/v2\/pages\/153","targetHints":{"allow":["GET"]}}],"collection":[{"href":"https:\/\/iglesiaelfaroinc.org\/en\/wp-json\/wp\/v2\/pages"}],"about":[{"href":"https:\/\/iglesiaelfaroinc.org\/en\/wp-json\/wp\/v2\/types\/page"}],"author":[{"embeddable":true,"href":"https:\/\/iglesiaelfaroinc.org\/en\/wp-json\/wp\/v2\/users\/1"}],"replies":[{"embeddable":true,"href":"https:\/\/iglesiaelfaroinc.org\/en\/wp-json\/wp\/v2\/comments?post=153"}],"version-history":[{"count":5,"href":"https:\/\/iglesiaelfaroinc.org\/en\/wp-json\/wp\/v2\/pages\/153\/revisions"}],"predecessor-version":[{"id":1140,"href":"https:\/\/iglesiaelfaroinc.org\/en\/wp-json\/wp\/v2\/pages\/153\/revisions\/1140"}],"wp:attachment":[{"href":"https:\/\/iglesiaelfaroinc.org\/en\/wp-json\/wp\/v2\/media?parent=153"}],"curies":[{"name":"wp","href":"https:\/\/api.w.org\/{rel}","templated":true}]}}