{"id":155,"date":"2024-06-07T04:33:48","date_gmt":"2024-06-07T04:33:48","guid":{"rendered":"https:\/\/iglesiaelfaroinc.org\/?page_id=155"},"modified":"2024-07-20T19:49:24","modified_gmt":"2024-07-20T19:49:24","slug":"nuestra-pastora","status":"publish","type":"page","link":"https:\/\/iglesiaelfaroinc.org\/en\/nuestra-pastora\/","title":{"rendered":"Our Pastor"},"content":{"rendered":"<div class=\"wp-block-cover alignfull is-light has-aspect-ratio\" style=\"margin-top:0;margin-bottom:0;padding-top:0;padding-right:0;padding-bottom:0;padding-left:0;min-height:708px;aspect-ratio:16\/9;min-height:unset;\"><span aria-hidden=\"true\" class=\"wp-block-cover__background has-primary-background-color has-background-dim-40 has-background-dim\"><\/span><video class=\"wp-block-cover__video-background intrinsic-ignore\" autoplay muted loop playsinline src=\"https:\/\/iglesiaelfaroinc.org\/wp-content\/uploads\/2024\/07\/Caminar-En-Fe-Promo.mp4\" data-object-fit=\"cover\"><\/video><div class=\"wp-block-cover__inner-container has-global-padding is-layout-constrained wp-container-core-cover-is-layout-6ab92954 wp-block-cover-is-layout-constrained\">\n<p class=\"has-text-align-center has-large-font-size\"><\/p>\n<\/div><\/div>\n\n\n\n<div class=\"wp-block-group has-primary-background-color has-background has-global-padding is-layout-constrained wp-container-core-group-is-layout-5fbedae1 wp-block-group-is-layout-constrained\" style=\"border-top-left-radius:8px;border-top-right-radius:8px;border-bottom-left-radius:0px;border-bottom-right-radius:0px;padding-top:var(--wp--preset--spacing--large);padding-right:var(--wp--preset--spacing--large);padding-bottom:var(--wp--preset--spacing--large);padding-left:var(--wp--preset--spacing--large)\">\n<figure class=\"is-resized is-style-rounded wp-block-image aligncenter size-full\"><img data-recalc-dims=\"1\" loading=\"lazy\" decoding=\"async\" width=\"200\" height=\"200\" src=\"https:\/\/i0.wp.com\/iglesiaelfaroinc.org\/wp-content\/uploads\/2024\/06\/289538228_7613714602034572_3345820180177770473_n.jpg?resize=200%2C200&#038;ssl=1\" alt=\"\" class=\"wp-image-510\" style=\"aspect-ratio:1;object-fit:cover;width:214px;height:auto\" srcset=\"https:\/\/i0.wp.com\/iglesiaelfaroinc.org\/wp-content\/uploads\/2024\/06\/289538228_7613714602034572_3345820180177770473_n.jpg?w=200&amp;ssl=1 200w, https:\/\/i0.wp.com\/iglesiaelfaroinc.org\/wp-content\/uploads\/2024\/06\/289538228_7613714602034572_3345820180177770473_n.jpg?resize=150%2C150&amp;ssl=1 150w, https:\/\/i0.wp.com\/iglesiaelfaroinc.org\/wp-content\/uploads\/2024\/06\/289538228_7613714602034572_3345820180177770473_n.jpg?resize=12%2C12&amp;ssl=1 12w\" sizes=\"auto, (max-width: 200px) 100vw, 200px\" \/><\/figure>\n\n\n\n<div class=\"wp-block-group has-global-padding is-layout-constrained wp-container-core-group-is-layout-7d0d3654 wp-block-group-is-layout-constrained\">\n<div class=\"wp-block-group has-global-padding is-layout-constrained wp-container-core-group-is-layout-7c6d2669 wp-block-group-is-layout-constrained\">\n<div class=\"wp-block-group has-global-padding is-layout-constrained wp-container-core-group-is-layout-19e250f3 wp-block-group-is-layout-constrained\">\n<h3 class=\"wp-block-heading has-text-align-center has-white-color has-text-color\">Rev. Janet Ramos de Rubianes<\/h3>\n<\/div>\n<\/div>\n\n\n\n<ul class=\"is-style-logos-only wp-block-social-links has-normal-icon-size has-icon-color is-content-justification-center is-layout-flex wp-container-core-social-links-is-layout-a89b3969 wp-block-social-links-is-layout-flex\"><li style=\"color:#ffffff;\" class=\"wp-social-link wp-social-link-wordpress has-white-color wp-block-social-link\"><a href=\"https:\/\/pastorjrr.org\/\" class=\"wp-block-social-link-anchor\"><svg width=\"24\" height=\"24\" viewbox=\"0 0 24 24\" version=\"1.1\" xmlns=\"http:\/\/www.w3.org\/2000\/svg\" aria-hidden=\"true\" focusable=\"false\"><path d=\"M12.158,12.786L9.46,20.625c0.806,0.237,1.657,0.366,2.54,0.366c1.047,0,2.051-0.181,2.986-0.51 c-0.024-0.038-0.046-0.079-0.065-0.124L12.158,12.786z M3.009,12c0,3.559,2.068,6.634,5.067,8.092L3.788,8.341 C3.289,9.459,3.009,10.696,3.009,12z M18.069,11.546c0-1.112-0.399-1.881-0.741-2.48c-0.456-0.741-0.883-1.368-0.883-2.109 c0-0.826,0.627-1.596,1.51-1.596c0.04,0,0.078,0.005,0.116,0.007C16.472,3.904,14.34,3.009,12,3.009 c-3.141,0-5.904,1.612-7.512,4.052c0.211,0.007,0.41,0.011,0.579,0.011c0.94,0,2.396-0.114,2.396-0.114 C7.947,6.93,8.004,7.642,7.52,7.699c0,0-0.487,0.057-1.029,0.085l3.274,9.739l1.968-5.901l-1.401-3.838 C9.848,7.756,9.389,7.699,9.389,7.699C8.904,7.67,8.961,6.93,9.446,6.958c0,0,1.484,0.114,2.368,0.114 c0.94,0,2.397-0.114,2.397-0.114c0.485-0.028,0.542,0.684,0.057,0.741c0,0-0.488,0.057-1.029,0.085l3.249,9.665l0.897-2.996 C17.841,13.284,18.069,12.316,18.069,11.546z M19.889,7.686c0.039,0.286,0.06,0.593,0.06,0.924c0,0.912-0.171,1.938-0.684,3.22 l-2.746,7.94c2.673-1.558,4.47-4.454,4.47-7.771C20.991,10.436,20.591,8.967,19.889,7.686z M12,22C6.486,22,2,17.514,2,12 C2,6.486,6.486,2,12,2c5.514,0,10,4.486,10,10C22,17.514,17.514,22,12,22z\"><\/path><\/svg><span class=\"wp-block-social-link-label screen-reader-text\">WordPress<\/span><\/a><\/li>\n\n<li style=\"color:#ffffff;\" class=\"wp-social-link wp-social-link-facebook has-white-color wp-block-social-link\"><a href=\"https:\/\/www.facebook.com\/janetramos5108\/\" class=\"wp-block-social-link-anchor\"><svg width=\"24\" height=\"24\" viewbox=\"0 0 24 24\" version=\"1.1\" xmlns=\"http:\/\/www.w3.org\/2000\/svg\" aria-hidden=\"true\" focusable=\"false\"><path d=\"M12 2C6.5 2 2 6.5 2 12c0 5 3.7 9.1 8.4 9.9v-7H7.9V12h2.5V9.8c0-2.5 1.5-3.9 3.8-3.9 1.1 0 2.2.2 2.2.2v2.5h-1.3c-1.2 0-1.6.8-1.6 1.6V12h2.8l-.4 2.9h-2.3v7C18.3 21.1 22 17 22 12c0-5.5-4.5-10-10-10z\"><\/path><\/svg><span class=\"wp-block-social-link-label screen-reader-text\">Facebook<\/span><\/a><\/li>\n\n<li style=\"color:#ffffff;\" class=\"wp-social-link wp-social-link-instagram has-white-color wp-block-social-link\"><a href=\"https:\/\/www.instagram.com\/janetramos5108\/\" class=\"wp-block-social-link-anchor\"><svg width=\"24\" height=\"24\" viewbox=\"0 0 24 24\" version=\"1.1\" xmlns=\"http:\/\/www.w3.org\/2000\/svg\" aria-hidden=\"true\" focusable=\"false\"><path d=\"M12,4.622c2.403,0,2.688,0.009,3.637,0.052c0.877,0.04,1.354,0.187,1.671,0.31c0.42,0.163,0.72,0.358,1.035,0.673 c0.315,0.315,0.51,0.615,0.673,1.035c0.123,0.317,0.27,0.794,0.31,1.671c0.043,0.949,0.052,1.234,0.052,3.637 s-0.009,2.688-0.052,3.637c-0.04,0.877-0.187,1.354-0.31,1.671c-0.163,0.42-0.358,0.72-0.673,1.035 c-0.315,0.315-0.615,0.51-1.035,0.673c-0.317,0.123-0.794,0.27-1.671,0.31c-0.949,0.043-1.233,0.052-3.637,0.052 s-2.688-0.009-3.637-0.052c-0.877-0.04-1.354-0.187-1.671-0.31c-0.42-0.163-0.72-0.358-1.035-0.673 c-0.315-0.315-0.51-0.615-0.673-1.035c-0.123-0.317-0.27-0.794-0.31-1.671C4.631,14.688,4.622,14.403,4.622,12 s0.009-2.688,0.052-3.637c0.04-0.877,0.187-1.354,0.31-1.671c0.163-0.42,0.358-0.72,0.673-1.035 c0.315-0.315,0.615-0.51,1.035-0.673c0.317-0.123,0.794-0.27,1.671-0.31C9.312,4.631,9.597,4.622,12,4.622 M12,3 C9.556,3,9.249,3.01,8.289,3.054C7.331,3.098,6.677,3.25,6.105,3.472C5.513,3.702,5.011,4.01,4.511,4.511 c-0.5,0.5-0.808,1.002-1.038,1.594C3.25,6.677,3.098,7.331,3.054,8.289C3.01,9.249,3,9.556,3,12c0,2.444,0.01,2.751,0.054,3.711 c0.044,0.958,0.196,1.612,0.418,2.185c0.23,0.592,0.538,1.094,1.038,1.594c0.5,0.5,1.002,0.808,1.594,1.038 c0.572,0.222,1.227,0.375,2.185,0.418C9.249,20.99,9.556,21,12,21s2.751-0.01,3.711-0.054c0.958-0.044,1.612-0.196,2.185-0.418 c0.592-0.23,1.094-0.538,1.594-1.038c0.5-0.5,0.808-1.002,1.038-1.594c0.222-0.572,0.375-1.227,0.418-2.185 C20.99,14.751,21,14.444,21,12s-0.01-2.751-0.054-3.711c-0.044-0.958-0.196-1.612-0.418-2.185c-0.23-0.592-0.538-1.094-1.038-1.594 c-0.5-0.5-1.002-0.808-1.594-1.038c-0.572-0.222-1.227-0.375-2.185-0.418C14.751,3.01,14.444,3,12,3L12,3z M12,7.378 c-2.552,0-4.622,2.069-4.622,4.622S9.448,16.622,12,16.622s4.622-2.069,4.622-4.622S14.552,7.378,12,7.378z M12,15 c-1.657,0-3-1.343-3-3s1.343-3,3-3s3,1.343,3,3S13.657,15,12,15z M16.804,6.116c-0.596,0-1.08,0.484-1.08,1.08 s0.484,1.08,1.08,1.08c0.596,0,1.08-0.484,1.08-1.08S17.401,6.116,16.804,6.116z\"><\/path><\/svg><span class=\"wp-block-social-link-label screen-reader-text\">Instagram<\/span><\/a><\/li>\n\n<li style=\"color:#ffffff;\" class=\"wp-social-link wp-social-link-spotify has-white-color wp-block-social-link\"><a href=\"https:\/\/open.spotify.com\/show\/3hicOH3KxT2rbpM8tUQNOK?si=3pPqLTDtTQ-vQxNJWzvNCA\" class=\"wp-block-social-link-anchor\"><svg width=\"24\" height=\"24\" viewbox=\"0 0 24 24\" version=\"1.1\" xmlns=\"http:\/\/www.w3.org\/2000\/svg\" aria-hidden=\"true\" focusable=\"false\"><path d=\"M12,2C6.477,2,2,6.477,2,12c0,5.523,4.477,10,10,10c5.523,0,10-4.477,10-10C22,6.477,17.523,2,12,2 M16.586,16.424 c-0.18,0.295-0.563,0.387-0.857,0.207c-2.348-1.435-5.304-1.76-8.785-0.964c-0.335,0.077-0.67-0.133-0.746-0.469 c-0.077-0.335,0.132-0.67,0.469-0.746c3.809-0.871,7.077-0.496,9.713,1.115C16.673,15.746,16.766,16.13,16.586,16.424 M17.81,13.7 c-0.226,0.367-0.706,0.482-1.072,0.257c-2.687-1.652-6.785-2.131-9.965-1.166C6.36,12.917,5.925,12.684,5.8,12.273 C5.675,11.86,5.908,11.425,6.32,11.3c3.632-1.102,8.147-0.568,11.234,1.328C17.92,12.854,18.035,13.335,17.81,13.7 M17.915,10.865 c-3.223-1.914-8.54-2.09-11.618-1.156C5.804,9.859,5.281,9.58,5.131,9.086C4.982,8.591,5.26,8.069,5.755,7.919 c3.532-1.072,9.404-0.865,13.115,1.338c0.445,0.264,0.59,0.838,0.327,1.282C18.933,10.983,18.359,11.129,17.915,10.865\"><\/path><\/svg><span class=\"wp-block-social-link-label screen-reader-text\">Spotify<\/span><\/a><\/li><\/ul>\n<\/div>\n<\/div>\n\n\n\n<div class=\"nfd-pt-lg wp-block-group alignfull has-primary-background-color has-background nfd-bg-surface nfd-theme-dark has-global-padding is-layout-constrained wp-container-core-group-is-layout-abeb41a8 wp-block-group-is-layout-constrained\" style=\"border-style:none;border-width:0px;border-radius:0px;min-height:0px;margin-top:0;margin-bottom:0;padding-top:var(--wp--preset--spacing--small);padding-right:0;padding-bottom:var(--wp--preset--spacing--small);padding-left:0\">\n<div class=\"wp-block-group is-nowrap is-layout-flex wp-container-core-group-is-layout-6c531013 wp-block-group-is-layout-flex\">\n<figure class=\"is-style-rounded wp-block-image size-full is-resized nfd-wb-animate nfd-wb-zoom-in\"><img data-recalc-dims=\"1\" loading=\"lazy\" decoding=\"async\" width=\"950\" height=\"1410\" src=\"https:\/\/i0.wp.com\/iglesiaelfaroinc.org\/wp-content\/uploads\/2024\/06\/IMG_4180-scaled.jpg?resize=950%2C1410&#038;ssl=1\" alt=\"\" class=\"wp-image-275\" style=\"aspect-ratio:9\/16;object-fit:cover;width:504px;height:auto\" srcset=\"https:\/\/i0.wp.com\/iglesiaelfaroinc.org\/wp-content\/uploads\/2024\/06\/IMG_4180-scaled.jpg?w=1725&amp;ssl=1 1725w, https:\/\/i0.wp.com\/iglesiaelfaroinc.org\/wp-content\/uploads\/2024\/06\/IMG_4180-scaled.jpg?resize=202%2C300&amp;ssl=1 202w, https:\/\/i0.wp.com\/iglesiaelfaroinc.org\/wp-content\/uploads\/2024\/06\/IMG_4180-scaled.jpg?resize=690%2C1024&amp;ssl=1 690w, https:\/\/i0.wp.com\/iglesiaelfaroinc.org\/wp-content\/uploads\/2024\/06\/IMG_4180-scaled.jpg?resize=8%2C12&amp;ssl=1 8w\" sizes=\"auto, (max-width: 950px) 100vw, 950px\" \/><\/figure>\n\n\n\n<div class=\"nfd-gap-4xl wp-block-group is-vertical is-content-justification-center is-layout-flex wp-container-core-group-is-layout-ce155fab wp-block-group-is-layout-flex\">\n<div class=\"nfd-container wp-block-group has-global-padding is-layout-constrained wp-block-group-is-layout-constrained\">\n<div class=\"nfd-gap-xl wp-block-group nfd-wb-animate nfd-wb-fade-in-bottom-short is-vertical is-content-justification-center is-layout-flex wp-container-core-group-is-layout-f9a93ed8 wp-block-group-is-layout-flex\">\n<h1 class=\"nfd-text-giga nfd-text-contrast nfd-text-balance wp-block-heading has-text-align-center has-white-color has-text-color has-link-color has-x-large-font-size wp-elements-156dc887ff841fb47062fe97d1a85e90\">Our Pastor<\/h1>\n\n\n\n<p class=\"\">The Rev. Janet Ramos de Rubianes serves as pastor at El Faro Church Inc., a congregation located at 1007-11 W. Butler Street in Philadelphia, PA 19140. She began his pastoral ministry at the Pentecostal Church El Faro in 1980 when the church was located at 2508 N. Front St. She was officially recognized as the pastor of this church on November 20, 1980, and has been leading the flock for more than 43 years.<\/p>\n<\/div>\n\n\n\n<p class=\"\">She continued his theological studies at the Mizpa Extramuros Institute in Ponce, Puerto Rico, and graduated from the Pentecostal of Jesus Christ  Institute Inc. in New York City. She also earned a master's degree in Pastoral Counseling from Pan American Theological Seminary Inc. in New Jersey. She received ordination as an Ordained Minister of the Council of the Assemblies of God in 1992.<\/p>\n\n\n\n<p class=\"\">Throughout his ministry, he has been committed to the community and has proclaimed that \"Jehovah is King.\"<\/p>\n<\/div>\n<\/div>\n<\/div>\n<\/div>","protected":false},"excerpt":{"rendered":"<p>Rev. Janet Ramos de Rubianes Nuestra Pastora La Rev. Janet Ramos de Rubianes se desempe\u00f1a como pastora de la Iglesia El Faro Inc., una congregaci\u00f3n ubicada en 1007-11 W. Butler Street en Filadelfia, PA 19140. Comenz\u00f3 su ministerio pastoral en la Iglesia Pentecostal El Faro en 1980 cuando la iglesia estaba situada en 2508 N. &hellip; <\/p>\n<p class=\"link-more\"><a href=\"https:\/\/iglesiaelfaroinc.org\/en\/nuestra-pastora\/\" class=\"more-link\">Read more<span class=\"screen-reader-text\"> &#8220;Nuestra Pastora&#8221;<\/span><\/a><\/p>","protected":false},"author":1,"featured_media":0,"parent":0,"menu_order":0,"comment_status":"closed","ping_status":"closed","template":"page-templates\/full-width-no-title.php","meta":{"nf_dc_page":"","WB4WB4WP_MODE":"","WB4WP_PAGE_SCRIPTS":"","WB4WP_PAGE_STYLES":"","WB4WP_PAGE_FONTS":"","WB4WP_PAGE_HEADER":"","WB4WP_PAGE_FOOTER":"","_monsterinsights_skip_tracking":false,"_monsterinsights_sitenote_active":false,"_monsterinsights_sitenote_note":"","_monsterinsights_sitenote_category":0,"_uf_show_specific_survey":0,"_uf_disable_surveys":false,"inspiro_hide_title":false,"footnotes":""},"class_list":["post-155","page","type-page","status-publish","hentry"],"yoast_head":"<!-- This site is optimized with the Yoast SEO plugin v27.4 - https:\/\/yoast.com\/product\/yoast-seo-wordpress\/ -->\n<title>Nuestra Pastora<\/title>\n<meta name=\"description\" content=\"Rev. Janet Ramos de Rubianes Nuestra Pastora La Rev. Janet Ramos de Rubianes se desempe\u00f1a como pastora de la Iglesia El Faro Inc., una congregaci\u00f3n\" \/>\n<meta name=\"robots\" content=\"index, follow, max-snippet:-1, max-image-preview:large, max-video-preview:-1\" \/>\n<link rel=\"canonical\" href=\"https:\/\/iglesiaelfaroinc.org\/en\/nuestra-pastora\/\" \/>\n<meta property=\"og:locale\" content=\"en_US\" \/>\n<meta property=\"og:type\" content=\"article\" \/>\n<meta property=\"og:title\" content=\"Nuestra Pastora\" \/>\n<meta property=\"og:description\" content=\"Rev. Janet Ramos de Rubianes Nuestra Pastora La Rev. Janet Ramos de Rubianes se desempe\u00f1a como pastora de la Iglesia El Faro Inc., una congregaci\u00f3n\" \/>\n<meta property=\"og:url\" content=\"https:\/\/iglesiaelfaroinc.org\/en\/nuestra-pastora\/\" \/>\n<meta property=\"og:site_name\" content=\"iglesiaelfaroinc.org\" \/>\n<meta property=\"article:publisher\" content=\"https:\/\/www.facebook.com\/IglesiaElFaro01\/\" \/>\n<meta property=\"article:modified_time\" content=\"2024-07-20T19:49:24+00:00\" \/>\n<meta property=\"og:image\" content=\"https:\/\/iglesiaelfaroinc.org\/wp-content\/uploads\/2024\/06\/289538228_7613714602034572_3345820180177770473_n.jpg\" \/>\n<meta name=\"twitter:card\" content=\"summary_large_image\" \/>\n<meta name=\"twitter:site\" content=\"@iglesiaelfaro1\" \/>\n<meta name=\"twitter:label1\" content=\"Est. reading time\" \/>\n\t<meta name=\"twitter:data1\" content=\"2 minutes\" \/>\n<script type=\"application\/ld+json\" class=\"yoast-schema-graph\">{\"@context\":\"https:\\\/\\\/schema.org\",\"@graph\":[{\"@type\":\"WebPage\",\"@id\":\"https:\\\/\\\/iglesiaelfaroinc.org\\\/nuestra-pastora\\\/\",\"url\":\"https:\\\/\\\/iglesiaelfaroinc.org\\\/nuestra-pastora\\\/\",\"name\":\"Nuestra Pastora\",\"isPartOf\":{\"@id\":\"https:\\\/\\\/iglesiaelfaroinc.org\\\/#website\"},\"primaryImageOfPage\":{\"@id\":\"https:\\\/\\\/iglesiaelfaroinc.org\\\/nuestra-pastora\\\/#primaryimage\"},\"image\":{\"@id\":\"https:\\\/\\\/iglesiaelfaroinc.org\\\/nuestra-pastora\\\/#primaryimage\"},\"thumbnailUrl\":\"https:\\\/\\\/iglesiaelfaroinc.org\\\/wp-content\\\/uploads\\\/2024\\\/06\\\/289538228_7613714602034572_3345820180177770473_n.jpg\",\"datePublished\":\"2024-06-07T04:33:48+00:00\",\"dateModified\":\"2024-07-20T19:49:24+00:00\",\"description\":\"Rev. Janet Ramos de Rubianes Nuestra Pastora La Rev. Janet Ramos de Rubianes se desempe\u00f1a como pastora de la Iglesia El Faro Inc., una congregaci\u00f3n\",\"breadcrumb\":{\"@id\":\"https:\\\/\\\/iglesiaelfaroinc.org\\\/nuestra-pastora\\\/#breadcrumb\"},\"inLanguage\":\"en-US\",\"potentialAction\":[{\"@type\":\"ReadAction\",\"target\":[\"https:\\\/\\\/iglesiaelfaroinc.org\\\/nuestra-pastora\\\/\"]}]},{\"@type\":\"ImageObject\",\"inLanguage\":\"en-US\",\"@id\":\"https:\\\/\\\/iglesiaelfaroinc.org\\\/nuestra-pastora\\\/#primaryimage\",\"url\":\"https:\\\/\\\/iglesiaelfaroinc.org\\\/wp-content\\\/uploads\\\/2024\\\/06\\\/289538228_7613714602034572_3345820180177770473_n.jpg\",\"contentUrl\":\"https:\\\/\\\/iglesiaelfaroinc.org\\\/wp-content\\\/uploads\\\/2024\\\/06\\\/289538228_7613714602034572_3345820180177770473_n.jpg\"},{\"@type\":\"BreadcrumbList\",\"@id\":\"https:\\\/\\\/iglesiaelfaroinc.org\\\/nuestra-pastora\\\/#breadcrumb\",\"itemListElement\":[{\"@type\":\"ListItem\",\"position\":1,\"name\":\"Home\",\"item\":\"https:\\\/\\\/iglesiaelfaroinc.org\\\/\"},{\"@type\":\"ListItem\",\"position\":2,\"name\":\"Nuestra Pastora\"}]},{\"@type\":\"WebSite\",\"@id\":\"https:\\\/\\\/iglesiaelfaroinc.org\\\/#website\",\"url\":\"https:\\\/\\\/iglesiaelfaroinc.org\\\/\",\"name\":\"Iglesia El Faro Inc.\",\"description\":\"Multitudes Para Cristo\",\"publisher\":{\"@id\":\"https:\\\/\\\/iglesiaelfaroinc.org\\\/#organization\"},\"potentialAction\":[{\"@type\":\"SearchAction\",\"target\":{\"@type\":\"EntryPoint\",\"urlTemplate\":\"https:\\\/\\\/iglesiaelfaroinc.org\\\/?s={search_term_string}\"},\"query-input\":{\"@type\":\"PropertyValueSpecification\",\"valueRequired\":true,\"valueName\":\"search_term_string\"}}],\"inLanguage\":\"en-US\"},{\"@type\":\"Organization\",\"@id\":\"https:\\\/\\\/iglesiaelfaroinc.org\\\/#organization\",\"name\":\"Pentecostal Church of Jesus Christ El Faro Inc.\",\"alternateName\":\"Iglesia El Faro Inc.\",\"url\":\"https:\\\/\\\/iglesiaelfaroinc.org\\\/\",\"logo\":{\"@type\":\"ImageObject\",\"inLanguage\":\"en-US\",\"@id\":\"https:\\\/\\\/iglesiaelfaroinc.org\\\/#\\\/schema\\\/logo\\\/image\\\/\",\"url\":\"https:\\\/\\\/i0.wp.com\\\/iglesiaelfaroinc.org\\\/wp-content\\\/uploads\\\/2024\\\/06\\\/cropped-cropped-cropped-Untitled-removebg-preview-removebg-preview-1-1.png?fit=409%2C419&ssl=1\",\"contentUrl\":\"https:\\\/\\\/i0.wp.com\\\/iglesiaelfaroinc.org\\\/wp-content\\\/uploads\\\/2024\\\/06\\\/cropped-cropped-cropped-Untitled-removebg-preview-removebg-preview-1-1.png?fit=409%2C419&ssl=1\",\"width\":409,\"height\":419,\"caption\":\"Pentecostal Church of Jesus Christ El Faro Inc.\"},\"image\":{\"@id\":\"https:\\\/\\\/iglesiaelfaroinc.org\\\/#\\\/schema\\\/logo\\\/image\\\/\"},\"sameAs\":[\"https:\\\/\\\/www.facebook.com\\\/IglesiaElFaro01\\\/\",\"https:\\\/\\\/x.com\\\/iglesiaelfaro1\",\"https:\\\/\\\/www.instagram.com\\\/iglesiaelfarompc\\\/\",\"https:\\\/\\\/www.youtube.com\\\/channel\\\/UCH3OXcplPzF-yuQ3T1_LEEA\"]}]}<\/script>\n<!-- \/ Yoast SEO plugin. -->","yoast_head_json":{"title":"Our Pastor","description":"Rev. Janet Ramos de Rubianes Nuestra Pastora La Rev. Janet Ramos de Rubianes se desempe\u00f1a como pastora de la Iglesia El Faro Inc., una congregaci\u00f3n","robots":{"index":"index","follow":"follow","max-snippet":"max-snippet:-1","max-image-preview":"max-image-preview:large","max-video-preview":"max-video-preview:-1"},"canonical":"https:\/\/iglesiaelfaroinc.org\/en\/nuestra-pastora\/","og_locale":"en_US","og_type":"article","og_title":"Nuestra Pastora","og_description":"Rev. Janet Ramos de Rubianes Nuestra Pastora La Rev. Janet Ramos de Rubianes se desempe\u00f1a como pastora de la Iglesia El Faro Inc., una congregaci\u00f3n","og_url":"https:\/\/iglesiaelfaroinc.org\/en\/nuestra-pastora\/","og_site_name":"iglesiaelfaroinc.org","article_publisher":"https:\/\/www.facebook.com\/IglesiaElFaro01\/","article_modified_time":"2024-07-20T19:49:24+00:00","og_image":[{"url":"https:\/\/iglesiaelfaroinc.org\/wp-content\/uploads\/2024\/06\/289538228_7613714602034572_3345820180177770473_n.jpg","type":"","width":"","height":""}],"twitter_card":"summary_large_image","twitter_site":"@iglesiaelfaro1","twitter_misc":{"Est. reading time":"2 minutes"},"schema":{"@context":"https:\/\/schema.org","@graph":[{"@type":"WebPage","@id":"https:\/\/iglesiaelfaroinc.org\/nuestra-pastora\/","url":"https:\/\/iglesiaelfaroinc.org\/nuestra-pastora\/","name":"Our Pastor","isPartOf":{"@id":"https:\/\/iglesiaelfaroinc.org\/#website"},"primaryImageOfPage":{"@id":"https:\/\/iglesiaelfaroinc.org\/nuestra-pastora\/#primaryimage"},"image":{"@id":"https:\/\/iglesiaelfaroinc.org\/nuestra-pastora\/#primaryimage"},"thumbnailUrl":"https:\/\/iglesiaelfaroinc.org\/wp-content\/uploads\/2024\/06\/289538228_7613714602034572_3345820180177770473_n.jpg","datePublished":"2024-06-07T04:33:48+00:00","dateModified":"2024-07-20T19:49:24+00:00","description":"Rev. Janet Ramos de Rubianes Nuestra Pastora La Rev. Janet Ramos de Rubianes se desempe\u00f1a como pastora de la Iglesia El Faro Inc., una congregaci\u00f3n","breadcrumb":{"@id":"https:\/\/iglesiaelfaroinc.org\/nuestra-pastora\/#breadcrumb"},"inLanguage":"en-US","potentialAction":[{"@type":"ReadAction","target":["https:\/\/iglesiaelfaroinc.org\/nuestra-pastora\/"]}]},{"@type":"ImageObject","inLanguage":"en-US","@id":"https:\/\/iglesiaelfaroinc.org\/nuestra-pastora\/#primaryimage","url":"https:\/\/iglesiaelfaroinc.org\/wp-content\/uploads\/2024\/06\/289538228_7613714602034572_3345820180177770473_n.jpg","contentUrl":"https:\/\/iglesiaelfaroinc.org\/wp-content\/uploads\/2024\/06\/289538228_7613714602034572_3345820180177770473_n.jpg"},{"@type":"BreadcrumbList","@id":"https:\/\/iglesiaelfaroinc.org\/nuestra-pastora\/#breadcrumb","itemListElement":[{"@type":"ListItem","position":1,"name":"Home","item":"https:\/\/iglesiaelfaroinc.org\/"},{"@type":"ListItem","position":2,"name":"Nuestra Pastora"}]},{"@type":"WebSite","@id":"https:\/\/iglesiaelfaroinc.org\/#website","url":"https:\/\/iglesiaelfaroinc.org\/","name":"Iglesia El Faro Inc.","description":"Multitudes Para Cristo","publisher":{"@id":"https:\/\/iglesiaelfaroinc.org\/#organization"},"potentialAction":[{"@type":"SearchAction","target":{"@type":"EntryPoint","urlTemplate":"https:\/\/iglesiaelfaroinc.org\/?s={search_term_string}"},"query-input":{"@type":"PropertyValueSpecification","valueRequired":true,"valueName":"search_term_string"}}],"inLanguage":"en-US"},{"@type":"Organization","@id":"https:\/\/iglesiaelfaroinc.org\/#organization","name":"Pentecostal Church of Jesus Christ El Faro Inc.","alternateName":"Iglesia El Faro Inc.","url":"https:\/\/iglesiaelfaroinc.org\/","logo":{"@type":"ImageObject","inLanguage":"en-US","@id":"https:\/\/iglesiaelfaroinc.org\/#\/schema\/logo\/image\/","url":"https:\/\/i0.wp.com\/iglesiaelfaroinc.org\/wp-content\/uploads\/2024\/06\/cropped-cropped-cropped-Untitled-removebg-preview-removebg-preview-1-1.png?fit=409%2C419&ssl=1","contentUrl":"https:\/\/i0.wp.com\/iglesiaelfaroinc.org\/wp-content\/uploads\/2024\/06\/cropped-cropped-cropped-Untitled-removebg-preview-removebg-preview-1-1.png?fit=409%2C419&ssl=1","width":409,"height":419,"caption":"Pentecostal Church of Jesus Christ El Faro Inc."},"image":{"@id":"https:\/\/iglesiaelfaroinc.org\/#\/schema\/logo\/image\/"},"sameAs":["https:\/\/www.facebook.com\/IglesiaElFaro01\/","https:\/\/x.com\/iglesiaelfaro1","https:\/\/www.instagram.com\/iglesiaelfarompc\/","https:\/\/www.youtube.com\/channel\/UCH3OXcplPzF-yuQ3T1_LEEA"]}]}},"jetpack_sharing_enabled":true,"featured_media_urls":[],"_links":{"self":[{"href":"https:\/\/iglesiaelfaroinc.org\/en\/wp-json\/wp\/v2\/pages\/155","targetHints":{"allow":["GET"]}}],"collection":[{"href":"https:\/\/iglesiaelfaroinc.org\/en\/wp-json\/wp\/v2\/pages"}],"about":[{"href":"https:\/\/iglesiaelfaroinc.org\/en\/wp-json\/wp\/v2\/types\/page"}],"author":[{"embeddable":true,"href":"https:\/\/iglesiaelfaroinc.org\/en\/wp-json\/wp\/v2\/users\/1"}],"replies":[{"embeddable":true,"href":"https:\/\/iglesiaelfaroinc.org\/en\/wp-json\/wp\/v2\/comments?post=155"}],"version-history":[{"count":5,"href":"https:\/\/iglesiaelfaroinc.org\/en\/wp-json\/wp\/v2\/pages\/155\/revisions"}],"predecessor-version":[{"id":1001,"href":"https:\/\/iglesiaelfaroinc.org\/en\/wp-json\/wp\/v2\/pages\/155\/revisions\/1001"}],"wp:attachment":[{"href":"https:\/\/iglesiaelfaroinc.org\/en\/wp-json\/wp\/v2\/media?parent=155"}],"curies":[{"name":"wp","href":"https:\/\/api.w.org\/{rel}","templated":true}]}}