{"id":333,"date":"2024-06-09T00:28:54","date_gmt":"2024-06-09T00:28:54","guid":{"rendered":"https:\/\/iglesiaelfaroinc.org\/?page_id=333"},"modified":"2024-06-29T00:02:41","modified_gmt":"2024-06-29T00:02:41","slug":"oracion-de-salvacion","status":"publish","type":"page","link":"https:\/\/iglesiaelfaroinc.org\/en\/oracion-de-salvacion\/","title":{"rendered":"Prayer of Salvation"},"content":{"rendered":"<div class=\"wp-block-cover alignfull is-light\" style=\"min-height:100vh;aspect-ratio:unset;\"><span aria-hidden=\"true\" class=\"wp-block-cover__background has-background-dim-40 has-background-dim\"><\/span><video class=\"wp-block-cover__video-background intrinsic-ignore\" autoplay muted loop playsinline src=\"https:\/\/iglesiaelfaroinc.org\/wp-content\/uploads\/2024\/06\/child-praying-at-sunset-thank-god-2022-02-24-07-33-58-utc.mov\" data-object-fit=\"cover\"><\/video><div class=\"wp-block-cover__inner-container has-global-padding is-layout-constrained wp-block-cover-is-layout-constrained\">\n<p class=\"has-text-align-center has-white-color has-text-color has-max-72-font-size nfd-wb-animate nfd-wb-zoom-in\" style=\"font-style:normal;font-weight:900;line-height:0.7\"><strong><strong>PRAYER OF SALVATION<\/strong><\/strong><\/p>\n<\/div><\/div>\n\n\n\n<div class=\"nfd-container nfd-my-0 nfd-p-0 nfd-bg-gray-800 wp-block-group alignfull has-white-color has-primary-background-color has-text-color has-background is-layout-flow wp-container-core-group-is-layout-d6743c7d wp-block-group-is-layout-flow\">\n<div class=\"nfd-my-0 nfd-p-lg wp-block-group alignwide has-primary-background-color has-background is-layout-flow wp-container-core-group-is-layout-05898ac8 wp-block-group-is-layout-flow\">\n<p class=\"has-text-align-center nfd-wb-animate nfd-wb-zoom-in\" id=\"block-477934ef-169c-47dd-af93-dd152a42251d\" style=\"font-size:clamp(17.905px, 1.119rem + ((1vw - 3.2px) * 0.893), 28px);\">\u201cThrough salvation, our past has been forgiven, our present is given meaning and our future is secured.\" - Rick Warren<\/p>\n<\/div>\n<\/div>\n\n\n\n<div class=\"nfd-container nfd-my-0 nfd-p-0 nfd-text-md wp-block-group alignfull has-primary-background-color has-background is-layout-flow wp-block-group-is-layout-flow\">\n<div class=\"wp-block-group is-layout-flow wp-block-group-is-layout-flow\">\n<div class=\"nfd-bg-gray-100 wp-block-group has-border-color has-black-color has-white-background-color has-text-color has-background is-vertical is-content-justification-stretch is-layout-flex wp-container-core-group-is-layout-b6ab4a10 wp-block-group-is-layout-flex\" style=\"border-color:#00000017;border-width:1px;border-radius:19px;padding-top:4px;padding-right:4px;padding-bottom:4px;padding-left:4px\">\n<div id=\"faq-1\" class=\"md:nfd-flex-wrap wp-block-group nfd-wb-animate nfd-wb-zoom-in is-nowrap is-layout-flex wp-container-core-group-is-layout-bd3f9bef wp-block-group-is-layout-flex\">\n<div class=\"nfd-p-md nfd-bg-gray-100 md:nfd-basis-full wp-block-group wp-container-content-01c117f0 is-vertical is-content-justification-left is-layout-flex wp-container-core-group-is-layout-95b9bda4 wp-block-group-is-layout-flex\" style=\"border-radius:16px\">\n<div class=\"nfd-top-10 wp-block-group has-global-padding is-layout-constrained wp-container-core-group-is-layout-4474b0c1 wp-block-group-is-layout-constrained wp-container-1 is-position-sticky\">\n<h2 class=\"wp-block-heading nfd-text-current nfd-text-lg has-large-font-size\"><strong>FAQ<\/strong><\/h2>\n\n\n\n<h3 class=\"wp-block-heading has-text-align-left\"><strong>Are you saved?<\/strong><\/h3>\n\n\n\n<p class=\"\"><\/p>\n\n\n\n<h3 class=\"wp-block-heading has-text-align-left\"><strong>Do you want to know how?<\/strong><\/h3>\n<\/div>\n<\/div>\n\n\n\n<div class=\"nfd-p-md md:nfd-basis-full wp-block-group has-black-color has-white-background-color has-text-color has-background wp-container-content-6d18316b has-global-padding is-content-justification-left is-layout-constrained wp-container-core-group-is-layout-74cbbf86 wp-block-group-is-layout-constrained\" style=\"border-top-left-radius:0px;border-top-right-radius:16px;border-bottom-left-radius:0px;border-bottom-right-radius:16px\">\n<div class=\"wp-block-group is-vertical is-layout-flex wp-container-core-group-is-layout-41fdfdc5 wp-block-group-is-layout-flex\">\n<div class=\"wp-block-group has-global-padding is-layout-constrained wp-block-group-is-layout-constrained\">\n<p class=\"\"><\/p>\n\n\n\n<p class=\"\">\"For God so loved the world that he gave his only begotten Son, that whoever believes in him should not perish but have eternal life.\"John 3:16<\/p>\n\n\n\n<p class=\"\">\"If you confess with your mouth that Jesus is Lord and believe in your heart that God raised him from the dead, you will be saved.\u201d Romans 10:9<\/p>\n<\/div>\n<\/div>\n<\/div>\n<\/div>\n\n\n\n<div id=\"faq-2\" class=\"md:nfd-flex-wrap wp-block-group nfd-wb-animate nfd-wb-zoom-in is-nowrap is-layout-flex wp-container-core-group-is-layout-bd3f9bef wp-block-group-is-layout-flex\">\n<div class=\"nfd-p-md nfd-bg-gray-100 md:nfd-basis-full wp-block-group wp-container-content-01c117f0 is-vertical is-content-justification-left is-layout-flex wp-container-core-group-is-layout-95b9bda4 wp-block-group-is-layout-flex\" style=\"border-radius:16px\">\n<div class=\"nfd-top-10 wp-block-group has-global-padding is-layout-constrained wp-container-core-group-is-layout-4474b0c1 wp-block-group-is-layout-constrained wp-container-2 is-position-sticky\">\n<h1 class=\"wp-block-heading nfd-text-current nfd-text-lg has-large-font-size\"><strong>PRAYER<\/strong><\/h1>\n\n\n\n<h3 class=\"wp-block-heading\"><strong>Ready to choose Jesus as your personal Lord and Savior?<\/strong><\/h3>\n<\/div>\n<\/div>\n\n\n\n<div class=\"nfd-p-md md:nfd-basis-full wp-block-group has-black-color has-white-background-color has-text-color has-background wp-container-content-6d18316b has-global-padding is-content-justification-left is-layout-constrained wp-container-core-group-is-layout-74cbbf86 wp-block-group-is-layout-constrained\" style=\"border-top-left-radius:0px;border-top-right-radius:16px;border-bottom-left-radius:0px;border-bottom-right-radius:16px\">\n<div class=\"wp-block-group is-vertical is-layout-flex wp-container-core-group-is-layout-41fdfdc5 wp-block-group-is-layout-flex\">\n<div class=\"wp-block-group is-vertical is-content-justification-stretch is-layout-flex wp-container-core-group-is-layout-7e003bba wp-block-group-is-layout-flex\">\n<p class=\"\"><strong>PRAYER<\/strong><\/p>\n\n\n\n<p class=\"\">Dear Jesus, I am a sinner. I repent of my sins and confess that Jesus is my Lord and Savior. I believe that Jesus is the Son of God, who died and rose from the dead to save me from my sins. Open my heart and come in as my personal Lord and Savior. Write my name in your book of Life and fill me with the Holy Spirit to seal my salvation for all eternity. In Jesus' name, Amen.<\/p>\n\n\n\n<p class=\"\"><\/p>\n\n\n\n<p class=\"\"><strong>Congratulations!!!<\/strong><\/p>\n\n\n\n<p class=\"\">The angels in Heaven are rejoicing, and now you are saved by Jesus Christ, the Son of God. \u00a0Let us know of your decision to accept Jesus by emailing us at<strong> ElFaroMultitudesParaCristo@gmail.com<\/strong><\/p>\n<\/div>\n<\/div>\n<\/div>\n<\/div>\n<\/div>\n<\/div>\n<\/div>","protected":false},"excerpt":{"rendered":"<p>&#8220;A trav\u00e9s de la salvaci\u00f3n, nuestro pasado ha sido perdonado, nuestro presente recibe significado y nuestro futuro est\u00e1 asegurado.&#8221; &#8211; Rick Warren FAQ \u00bfEres salvo? \u00bfQuieres saber c\u00f3mo? &#8220;Porque de tal manera am\u00f3 Dios al mundo, que ha dado a su Hijo unig\u00e9nito, para que todo aquel que en \u00c9l cree, no se pierda, mas &hellip; <\/p>\n<p class=\"link-more\"><a href=\"https:\/\/iglesiaelfaroinc.org\/en\/oracion-de-salvacion\/\" class=\"more-link\">Read more<span class=\"screen-reader-text\"> &#8220;Oracion de Salvacion&#8221;<\/span><\/a><\/p>","protected":false},"author":1,"featured_media":0,"parent":0,"menu_order":0,"comment_status":"closed","ping_status":"closed","template":"page-templates\/full-width-no-title.php","meta":{"nf_dc_page":"","WB4WB4WP_MODE":"","WB4WP_PAGE_SCRIPTS":"","WB4WP_PAGE_STYLES":"","WB4WP_PAGE_FONTS":"","WB4WP_PAGE_HEADER":"","WB4WP_PAGE_FOOTER":"","_monsterinsights_skip_tracking":false,"_monsterinsights_sitenote_active":false,"_monsterinsights_sitenote_note":"","_monsterinsights_sitenote_category":0,"_uf_show_specific_survey":0,"_uf_disable_surveys":false,"inspiro_hide_title":false,"footnotes":""},"class_list":["post-333","page","type-page","status-publish","hentry"],"yoast_head":"<!-- This site is optimized with the Yoast SEO plugin v27.6 - https:\/\/yoast.com\/product\/yoast-seo-wordpress\/ -->\n<title>Oracion de Salvacion<\/title>\n<meta name=\"description\" content=\"ORACI\u00d3N DE SALVACI\u00d3N &quot;A trav\u00e9s de la salvaci\u00f3n, nuestro pasado ha sido perdonado, nuestro presente recibe significado y nuestro futuro est\u00e1 asegurado.&quot; -\" \/>\n<meta name=\"robots\" content=\"index, follow, max-snippet:-1, max-image-preview:large, max-video-preview:-1\" \/>\n<link rel=\"canonical\" href=\"https:\/\/iglesiaelfaroinc.org\/en\/oracion-de-salvacion\/\" \/>\n<meta property=\"og:locale\" content=\"en_US\" \/>\n<meta property=\"og:type\" content=\"article\" \/>\n<meta property=\"og:title\" content=\"Oracion de Salvacion\" \/>\n<meta property=\"og:description\" content=\"ORACI\u00d3N DE SALVACI\u00d3N &quot;A trav\u00e9s de la salvaci\u00f3n, nuestro pasado ha sido perdonado, nuestro presente recibe significado y nuestro futuro est\u00e1 asegurado.&quot; -\" \/>\n<meta property=\"og:url\" content=\"https:\/\/iglesiaelfaroinc.org\/en\/oracion-de-salvacion\/\" \/>\n<meta property=\"og:site_name\" content=\"iglesiaelfaroinc.org\" \/>\n<meta property=\"article:publisher\" content=\"https:\/\/www.facebook.com\/IglesiaElFaro01\/\" \/>\n<meta property=\"article:modified_time\" content=\"2024-06-29T00:02:41+00:00\" \/>\n<meta property=\"og:image\" content=\"https:\/\/i0.wp.com\/iglesiaelfaroinc.org\/wp-content\/uploads\/2024\/06\/338162445_575977457624649_8592712181139592100_n.jpg?fit=600%2C600&ssl=1\" \/>\n\t<meta property=\"og:image:width\" content=\"600\" \/>\n\t<meta property=\"og:image:height\" content=\"600\" \/>\n\t<meta property=\"og:image:type\" content=\"image\/jpeg\" \/>\n<meta name=\"twitter:card\" content=\"summary_large_image\" \/>\n<meta name=\"twitter:site\" content=\"@iglesiaelfaro1\" \/>\n<meta name=\"twitter:label1\" content=\"Est. reading time\" \/>\n\t<meta name=\"twitter:data1\" content=\"1 minute\" \/>\n<script type=\"application\/ld+json\" class=\"yoast-schema-graph\">{\"@context\":\"https:\\\/\\\/schema.org\",\"@graph\":[{\"@type\":\"WebPage\",\"@id\":\"https:\\\/\\\/iglesiaelfaroinc.org\\\/oracion-de-salvacion\\\/\",\"url\":\"https:\\\/\\\/iglesiaelfaroinc.org\\\/oracion-de-salvacion\\\/\",\"name\":\"Oracion de Salvacion\",\"isPartOf\":{\"@id\":\"https:\\\/\\\/iglesiaelfaroinc.org\\\/#website\"},\"datePublished\":\"2024-06-09T00:28:54+00:00\",\"dateModified\":\"2024-06-29T00:02:41+00:00\",\"description\":\"ORACI\u00d3N DE SALVACI\u00d3N \\\"A trav\u00e9s de la salvaci\u00f3n, nuestro pasado ha sido perdonado, nuestro presente recibe significado y nuestro futuro est\u00e1 asegurado.\\\" -\",\"breadcrumb\":{\"@id\":\"https:\\\/\\\/iglesiaelfaroinc.org\\\/oracion-de-salvacion\\\/#breadcrumb\"},\"inLanguage\":\"en-US\",\"potentialAction\":[{\"@type\":\"ReadAction\",\"target\":[\"https:\\\/\\\/iglesiaelfaroinc.org\\\/oracion-de-salvacion\\\/\"]}]},{\"@type\":\"BreadcrumbList\",\"@id\":\"https:\\\/\\\/iglesiaelfaroinc.org\\\/oracion-de-salvacion\\\/#breadcrumb\",\"itemListElement\":[{\"@type\":\"ListItem\",\"position\":1,\"name\":\"Home\",\"item\":\"https:\\\/\\\/iglesiaelfaroinc.org\\\/\"},{\"@type\":\"ListItem\",\"position\":2,\"name\":\"Oracion de Salvacion\"}]},{\"@type\":\"WebSite\",\"@id\":\"https:\\\/\\\/iglesiaelfaroinc.org\\\/#website\",\"url\":\"https:\\\/\\\/iglesiaelfaroinc.org\\\/\",\"name\":\"Iglesia El Faro Inc.\",\"description\":\"Multitudes Para Cristo\",\"publisher\":{\"@id\":\"https:\\\/\\\/iglesiaelfaroinc.org\\\/#organization\"},\"potentialAction\":[{\"@type\":\"SearchAction\",\"target\":{\"@type\":\"EntryPoint\",\"urlTemplate\":\"https:\\\/\\\/iglesiaelfaroinc.org\\\/?s={search_term_string}\"},\"query-input\":{\"@type\":\"PropertyValueSpecification\",\"valueRequired\":true,\"valueName\":\"search_term_string\"}}],\"inLanguage\":\"en-US\"},{\"@type\":\"Organization\",\"@id\":\"https:\\\/\\\/iglesiaelfaroinc.org\\\/#organization\",\"name\":\"Pentecostal Church of Jesus Christ El Faro Inc.\",\"alternateName\":\"Iglesia El Faro Inc.\",\"url\":\"https:\\\/\\\/iglesiaelfaroinc.org\\\/\",\"logo\":{\"@type\":\"ImageObject\",\"inLanguage\":\"en-US\",\"@id\":\"https:\\\/\\\/iglesiaelfaroinc.org\\\/#\\\/schema\\\/logo\\\/image\\\/\",\"url\":\"https:\\\/\\\/i0.wp.com\\\/iglesiaelfaroinc.org\\\/wp-content\\\/uploads\\\/2024\\\/06\\\/cropped-cropped-cropped-Untitled-removebg-preview-removebg-preview-1-1.png?fit=409%2C419&ssl=1\",\"contentUrl\":\"https:\\\/\\\/i0.wp.com\\\/iglesiaelfaroinc.org\\\/wp-content\\\/uploads\\\/2024\\\/06\\\/cropped-cropped-cropped-Untitled-removebg-preview-removebg-preview-1-1.png?fit=409%2C419&ssl=1\",\"width\":409,\"height\":419,\"caption\":\"Pentecostal Church of Jesus Christ El Faro Inc.\"},\"image\":{\"@id\":\"https:\\\/\\\/iglesiaelfaroinc.org\\\/#\\\/schema\\\/logo\\\/image\\\/\"},\"sameAs\":[\"https:\\\/\\\/www.facebook.com\\\/IglesiaElFaro01\\\/\",\"https:\\\/\\\/x.com\\\/iglesiaelfaro1\",\"https:\\\/\\\/www.instagram.com\\\/iglesiaelfarompc\\\/\",\"https:\\\/\\\/www.youtube.com\\\/channel\\\/UCH3OXcplPzF-yuQ3T1_LEEA\"]}]}<\/script>\n<!-- \/ Yoast SEO plugin. -->","yoast_head_json":{"title":"Prayer of Salvation","description":"ORACI\u00d3N DE SALVACI\u00d3N \"A trav\u00e9s de la salvaci\u00f3n, nuestro pasado ha sido perdonado, nuestro presente recibe significado y nuestro futuro est\u00e1 asegurado.\" -","robots":{"index":"index","follow":"follow","max-snippet":"max-snippet:-1","max-image-preview":"max-image-preview:large","max-video-preview":"max-video-preview:-1"},"canonical":"https:\/\/iglesiaelfaroinc.org\/en\/oracion-de-salvacion\/","og_locale":"en_US","og_type":"article","og_title":"Oracion de Salvacion","og_description":"ORACI\u00d3N DE SALVACI\u00d3N \"A trav\u00e9s de la salvaci\u00f3n, nuestro pasado ha sido perdonado, nuestro presente recibe significado y nuestro futuro est\u00e1 asegurado.\" -","og_url":"https:\/\/iglesiaelfaroinc.org\/en\/oracion-de-salvacion\/","og_site_name":"iglesiaelfaroinc.org","article_publisher":"https:\/\/www.facebook.com\/IglesiaElFaro01\/","article_modified_time":"2024-06-29T00:02:41+00:00","og_image":[{"width":600,"height":600,"url":"https:\/\/i0.wp.com\/iglesiaelfaroinc.org\/wp-content\/uploads\/2024\/06\/338162445_575977457624649_8592712181139592100_n.jpg?fit=600%2C600&ssl=1","type":"image\/jpeg"}],"twitter_card":"summary_large_image","twitter_site":"@iglesiaelfaro1","twitter_misc":{"Est. reading time":"1 minute"},"schema":{"@context":"https:\/\/schema.org","@graph":[{"@type":"WebPage","@id":"https:\/\/iglesiaelfaroinc.org\/oracion-de-salvacion\/","url":"https:\/\/iglesiaelfaroinc.org\/oracion-de-salvacion\/","name":"Prayer of Salvation","isPartOf":{"@id":"https:\/\/iglesiaelfaroinc.org\/#website"},"datePublished":"2024-06-09T00:28:54+00:00","dateModified":"2024-06-29T00:02:41+00:00","description":"ORACI\u00d3N DE SALVACI\u00d3N \"A trav\u00e9s de la salvaci\u00f3n, nuestro pasado ha sido perdonado, nuestro presente recibe significado y nuestro futuro est\u00e1 asegurado.\" -","breadcrumb":{"@id":"https:\/\/iglesiaelfaroinc.org\/oracion-de-salvacion\/#breadcrumb"},"inLanguage":"en-US","potentialAction":[{"@type":"ReadAction","target":["https:\/\/iglesiaelfaroinc.org\/oracion-de-salvacion\/"]}]},{"@type":"BreadcrumbList","@id":"https:\/\/iglesiaelfaroinc.org\/oracion-de-salvacion\/#breadcrumb","itemListElement":[{"@type":"ListItem","position":1,"name":"Home","item":"https:\/\/iglesiaelfaroinc.org\/"},{"@type":"ListItem","position":2,"name":"Oracion de Salvacion"}]},{"@type":"WebSite","@id":"https:\/\/iglesiaelfaroinc.org\/#website","url":"https:\/\/iglesiaelfaroinc.org\/","name":"Iglesia El Faro Inc.","description":"Multitudes Para Cristo","publisher":{"@id":"https:\/\/iglesiaelfaroinc.org\/#organization"},"potentialAction":[{"@type":"SearchAction","target":{"@type":"EntryPoint","urlTemplate":"https:\/\/iglesiaelfaroinc.org\/?s={search_term_string}"},"query-input":{"@type":"PropertyValueSpecification","valueRequired":true,"valueName":"search_term_string"}}],"inLanguage":"en-US"},{"@type":"Organization","@id":"https:\/\/iglesiaelfaroinc.org\/#organization","name":"Pentecostal Church of Jesus Christ El Faro Inc.","alternateName":"Iglesia El Faro Inc.","url":"https:\/\/iglesiaelfaroinc.org\/","logo":{"@type":"ImageObject","inLanguage":"en-US","@id":"https:\/\/iglesiaelfaroinc.org\/#\/schema\/logo\/image\/","url":"https:\/\/i0.wp.com\/iglesiaelfaroinc.org\/wp-content\/uploads\/2024\/06\/cropped-cropped-cropped-Untitled-removebg-preview-removebg-preview-1-1.png?fit=409%2C419&ssl=1","contentUrl":"https:\/\/i0.wp.com\/iglesiaelfaroinc.org\/wp-content\/uploads\/2024\/06\/cropped-cropped-cropped-Untitled-removebg-preview-removebg-preview-1-1.png?fit=409%2C419&ssl=1","width":409,"height":419,"caption":"Pentecostal Church of Jesus Christ El Faro Inc."},"image":{"@id":"https:\/\/iglesiaelfaroinc.org\/#\/schema\/logo\/image\/"},"sameAs":["https:\/\/www.facebook.com\/IglesiaElFaro01\/","https:\/\/x.com\/iglesiaelfaro1","https:\/\/www.instagram.com\/iglesiaelfarompc\/","https:\/\/www.youtube.com\/channel\/UCH3OXcplPzF-yuQ3T1_LEEA"]}]}},"jetpack_sharing_enabled":true,"featured_media_urls":[],"_links":{"self":[{"href":"https:\/\/iglesiaelfaroinc.org\/en\/wp-json\/wp\/v2\/pages\/333","targetHints":{"allow":["GET"]}}],"collection":[{"href":"https:\/\/iglesiaelfaroinc.org\/en\/wp-json\/wp\/v2\/pages"}],"about":[{"href":"https:\/\/iglesiaelfaroinc.org\/en\/wp-json\/wp\/v2\/types\/page"}],"author":[{"embeddable":true,"href":"https:\/\/iglesiaelfaroinc.org\/en\/wp-json\/wp\/v2\/users\/1"}],"replies":[{"embeddable":true,"href":"https:\/\/iglesiaelfaroinc.org\/en\/wp-json\/wp\/v2\/comments?post=333"}],"version-history":[{"count":4,"href":"https:\/\/iglesiaelfaroinc.org\/en\/wp-json\/wp\/v2\/pages\/333\/revisions"}],"predecessor-version":[{"id":981,"href":"https:\/\/iglesiaelfaroinc.org\/en\/wp-json\/wp\/v2\/pages\/333\/revisions\/981"}],"wp:attachment":[{"href":"https:\/\/iglesiaelfaroinc.org\/en\/wp-json\/wp\/v2\/media?parent=333"}],"curies":[{"name":"wp","href":"https:\/\/api.w.org\/{rel}","templated":true}]}}