{"id":63,"date":"2024-06-06T17:48:25","date_gmt":"2024-06-06T17:48:25","guid":{"rendered":"https:\/\/iglesiaelfaroinc.org\/?page_id=63"},"modified":"2024-10-11T21:13:12","modified_gmt":"2024-10-11T21:13:12","slug":"quienes-somos","status":"publish","type":"page","link":"https:\/\/iglesiaelfaroinc.org\/en\/quienes-somos\/","title":{"rendered":"About Us?"},"content":{"rendered":"<div class=\"wp-block-cover alignfull has-aspect-ratio\" style=\"min-height:100vh;aspect-ratio:16\/9;min-height:unset;\"><span aria-hidden=\"true\" class=\"wp-block-cover__background has-primary-background-color has-background-dim-60 has-background-dim\"><\/span><video class=\"wp-block-cover__video-background intrinsic-ignore\" autoplay muted loop playsinline src=\"https:\/\/iglesiaelfaroinc.org\/wp-content\/uploads\/2024\/06\/About-Us.mp4\" data-object-fit=\"cover\"><\/video><div class=\"wp-block-cover__inner-container has-global-padding is-layout-constrained wp-block-cover-is-layout-constrained\">\n<p class=\"has-text-align-center has-large-font-size\"><\/p>\n<\/div><\/div>\n\n\n\n<div class=\"nfd-container nfd-py-lg nfd-bg-surface nfd-theme-light is-style-nfd-theme-light wp-block-group has-global-padding is-layout-constrained wp-block-group-is-layout-constrained\">\n<div class=\"nfd-gap-lg wp-block-group is-vertical is-content-justification-stretch is-layout-flex wp-container-core-group-is-layout-5621715d wp-block-group-is-layout-flex\">\n<h2 class=\"wp-block-heading nfd-text-huge nfd-text-contrast nfd-text-balance has-text-align-left\"><strong>ABOUT US<\/strong><\/h2>\n\n\n\n<p class=\"has-medium-font-size\">El Faro Church is a community of faith that follows the teachings of the Bible. Its goal is to help people grow in their relationship with God as well as to promote family, ethical, and moral values essential for personal development. The El Faro Church welcomes everyone who wants to discover the love and grace of God in their lives.<\/p>\n\n\n\n<p class=\"has-medium-font-size\">Iglesia El Faro was incorporated in Pennsylvania on September 27, 1983. It is a non-profit institution under the 501\u00a93 granted on November 15, 1994.\u00a0 The El Faro Church Inc. is not affiliated to any council and is therefore an autonomous and sovereign Church.\u00a0 However, as part of the body of Christ, we have bonds of fellowship and fraternity with Churches that possess an equally precious faith.&nbsp;&nbsp;<\/p>\n<\/div>\n\n\n\n<div class=\"nfd-text-base nfd-gap-3xl wp-block-columns are-vertically-aligned-top is-layout-flex wp-container-core-columns-is-layout-28f84493 wp-block-columns-is-layout-flex\">\n<div class=\"wp-block-column is-vertically-aligned-top is-layout-flow wp-block-column-is-layout-flow\">\n<div class=\"nfd-gap-md nfd-pt-sm nfd-border-strong wp-block-group is-vertical is-content-justification-left is-layout-flex wp-container-core-group-is-layout-dd225191 wp-block-group-is-layout-flex\" style=\"border-top-width:1px\">\n<h3 class=\"nfd-text-md nfd-text-contrast nfd-text-balance wp-block-heading has-text-align-left has-large-font-size\" style=\"font-style:normal;font-weight:500\"><strong>Mission<\/strong><\/h3>\n\n\n\n<p class=\"nfd-text-balance nfd-text-faded  has-text-align-left has-medium-font-size\" style=\"font-style:normal;font-weight:500\">The mission of El Faro Church is to restore lost souls by spreading the gospel of Jesus Christ in Philadelphia and other nations.<\/p>\n<\/div>\n<\/div>\n\n\n\n<div class=\"wp-block-column is-vertically-aligned-top is-layout-flow wp-block-column-is-layout-flow\">\n<div class=\"nfd-gap-md nfd-pt-sm nfd-border-strong wp-block-group is-vertical is-content-justification-left is-layout-flex wp-container-core-group-is-layout-dd225191 wp-block-group-is-layout-flex\" style=\"border-top-width:1px\">\n<h3 class=\"nfd-text-md nfd-text-contrast nfd-text-balance wp-block-heading has-text-align-left has-large-font-size\" style=\"font-style:normal;font-weight:500\"><strong>Vision<\/strong><\/h3>\n\n\n\n<p class=\"nfd-text-balance nfd-text-faded  has-text-align-left has-medium-font-size\" style=\"font-style:normal;font-weight:500\">Our vision is to broadcast internationally and capture the hearts and souls of all individuals through technology.<\/p>\n<\/div>\n<\/div>\n\n\n\n<div class=\"wp-block-column is-vertically-aligned-top is-layout-flow wp-block-column-is-layout-flow\">\n<div class=\"nfd-gap-md nfd-pt-sm nfd-border-strong wp-block-group is-vertical is-content-justification-left is-layout-flex wp-container-core-group-is-layout-dd225191 wp-block-group-is-layout-flex\" style=\"border-top-width:1px\">\n<h3 class=\"nfd-text-md nfd-text-contrast nfd-text-balance wp-block-heading has-text-align-left has-large-font-size\" style=\"font-style:normal;font-weight:500\"><strong>Objective<\/strong><\/h3>\n\n\n\n<p class=\"nfd-text-balance nfd-text-faded  has-text-align-left has-medium-font-size\" style=\"font-style:normal;font-weight:500\">Our goal is to help improve spiritual, social, economic, and cultural aspects through education. To develop independent and responsible citizens through training. Working together with state and local governments to identify resources to help our community in different areas.<\/p>\n<\/div>\n<\/div>\n<\/div>\n\n\n\n<div style=\"height:48px\" aria-hidden=\"true\" class=\"wp-block-spacer\"><\/div>\n\n\n\n<div class=\"wp-block-buttons is-layout-flex wp-block-buttons-is-layout-flex\">\n<div class=\"nfd-btn-xl nfd-rounded-full wp-block-button\"><a class=\"wp-block-button__link wp-element-button\" href=\"https:\/\/iglesiaelfaroinc.org\/en\/contacto\/\" target=\"_blank\" rel=\"noreferrer noopener\">LOCATION<\/a><\/div>\n<\/div>\n<\/div>\n\n\n\n<figure class=\"wp-block-video\"><video height=\"1080\" style=\"aspect-ratio: 1920 \/ 1080;\" width=\"1920\" autoplay controls loop muted src=\"https:\/\/iglesiaelfaroinc.org\/wp-content\/uploads\/2024\/06\/2ND-TEST-1.mp4\" playsinline><\/video><\/figure>","protected":false},"excerpt":{"rendered":"<p>SOBRE NOSOTROS Iglesia El Faro es una comunidad de fe que sigue las ense\u00f1anzas de la Biblia. Su objetivo es ayudar a las personas a crecer en su relaci\u00f3n con Dios y con los dem\u00e1s, as\u00ed como promover valores familiares, \u00e9ticos y morales esenciales para el desarrollo personal. La Iglesia El Faro da la bienvenida &hellip; <\/p>\n<p class=\"link-more\"><a href=\"https:\/\/iglesiaelfaroinc.org\/en\/quienes-somos\/\" class=\"more-link\">Read more<span class=\"screen-reader-text\"> &#8220;\u00bfQuienes Somos?&#8221;<\/span><\/a><\/p>","protected":false},"author":1,"featured_media":60,"parent":0,"menu_order":0,"comment_status":"closed","ping_status":"closed","template":"page-templates\/full-width-no-title.php","meta":{"nf_dc_page":"","WB4WB4WP_MODE":"","WB4WP_PAGE_SCRIPTS":"","WB4WP_PAGE_STYLES":"","WB4WP_PAGE_FONTS":"","WB4WP_PAGE_HEADER":"","WB4WP_PAGE_FOOTER":"","_monsterinsights_skip_tracking":false,"_monsterinsights_sitenote_active":false,"_monsterinsights_sitenote_note":"","_monsterinsights_sitenote_category":0,"_uf_show_specific_survey":0,"_uf_disable_surveys":false,"inspiro_hide_title":false,"footnotes":""},"class_list":["post-63","page","type-page","status-publish","has-post-thumbnail","hentry"],"yoast_head":"<!-- This site is optimized with the Yoast SEO plugin v27.4 - https:\/\/yoast.com\/product\/yoast-seo-wordpress\/ -->\n<title>\u00bfQuienes Somos?<\/title>\n<meta name=\"description\" content=\"SOBRE NOSOTROS Iglesia El Faro es una comunidad de fe que sigue las ense\u00f1anzas de la Biblia. Su objetivo es ayudar a las personas a crecer en su relaci\u00f3n\" \/>\n<meta name=\"robots\" content=\"index, follow, max-snippet:-1, max-image-preview:large, max-video-preview:-1\" \/>\n<link rel=\"canonical\" href=\"https:\/\/iglesiaelfaroinc.org\/en\/quienes-somos\/\" \/>\n<meta property=\"og:locale\" content=\"en_US\" \/>\n<meta property=\"og:type\" content=\"article\" \/>\n<meta property=\"og:title\" content=\"\u00bfQuienes Somos?\" \/>\n<meta property=\"og:description\" content=\"SOBRE NOSOTROS Iglesia El Faro es una comunidad de fe que sigue las ense\u00f1anzas de la Biblia. Su objetivo es ayudar a las personas a crecer en su relaci\u00f3n\" \/>\n<meta property=\"og:url\" content=\"https:\/\/iglesiaelfaroinc.org\/en\/quienes-somos\/\" \/>\n<meta property=\"og:site_name\" content=\"iglesiaelfaroinc.org\" \/>\n<meta property=\"article:publisher\" content=\"https:\/\/www.facebook.com\/IglesiaElFaro01\/\" \/>\n<meta property=\"article:modified_time\" content=\"2024-10-11T21:13:12+00:00\" \/>\n<meta property=\"og:image\" content=\"https:\/\/iglesiaelfaroinc.org\/wp-content\/uploads\/2024\/06\/StockSnap_M6D1GS9PSL-2.jpg\" \/>\n\t<meta property=\"og:image:width\" content=\"2000\" \/>\n\t<meta property=\"og:image:height\" content=\"1317\" \/>\n\t<meta property=\"og:image:type\" content=\"image\/jpeg\" \/>\n<meta name=\"twitter:card\" content=\"summary_large_image\" \/>\n<meta name=\"twitter:site\" content=\"@iglesiaelfaro1\" \/>\n<meta name=\"twitter:label1\" content=\"Est. reading time\" \/>\n\t<meta name=\"twitter:data1\" content=\"2 minutes\" \/>\n<script type=\"application\/ld+json\" class=\"yoast-schema-graph\">{\"@context\":\"https:\\\/\\\/schema.org\",\"@graph\":[{\"@type\":\"WebPage\",\"@id\":\"https:\\\/\\\/iglesiaelfaroinc.org\\\/quienes-somos\\\/\",\"url\":\"https:\\\/\\\/iglesiaelfaroinc.org\\\/quienes-somos\\\/\",\"name\":\"\u00bfQuienes Somos?\",\"isPartOf\":{\"@id\":\"https:\\\/\\\/iglesiaelfaroinc.org\\\/#website\"},\"primaryImageOfPage\":{\"@id\":\"https:\\\/\\\/iglesiaelfaroinc.org\\\/quienes-somos\\\/#primaryimage\"},\"image\":{\"@id\":\"https:\\\/\\\/iglesiaelfaroinc.org\\\/quienes-somos\\\/#primaryimage\"},\"thumbnailUrl\":\"https:\\\/\\\/i0.wp.com\\\/iglesiaelfaroinc.org\\\/wp-content\\\/uploads\\\/2024\\\/06\\\/StockSnap_M6D1GS9PSL-2.jpg?fit=2000%2C1317&ssl=1\",\"datePublished\":\"2024-06-06T17:48:25+00:00\",\"dateModified\":\"2024-10-11T21:13:12+00:00\",\"description\":\"SOBRE NOSOTROS Iglesia El Faro es una comunidad de fe que sigue las ense\u00f1anzas de la Biblia. Su objetivo es ayudar a las personas a crecer en su relaci\u00f3n\",\"breadcrumb\":{\"@id\":\"https:\\\/\\\/iglesiaelfaroinc.org\\\/quienes-somos\\\/#breadcrumb\"},\"inLanguage\":\"en-US\",\"potentialAction\":[{\"@type\":\"ReadAction\",\"target\":[\"https:\\\/\\\/iglesiaelfaroinc.org\\\/quienes-somos\\\/\"]}]},{\"@type\":\"ImageObject\",\"inLanguage\":\"en-US\",\"@id\":\"https:\\\/\\\/iglesiaelfaroinc.org\\\/quienes-somos\\\/#primaryimage\",\"url\":\"https:\\\/\\\/i0.wp.com\\\/iglesiaelfaroinc.org\\\/wp-content\\\/uploads\\\/2024\\\/06\\\/StockSnap_M6D1GS9PSL-2.jpg?fit=2000%2C1317&ssl=1\",\"contentUrl\":\"https:\\\/\\\/i0.wp.com\\\/iglesiaelfaroinc.org\\\/wp-content\\\/uploads\\\/2024\\\/06\\\/StockSnap_M6D1GS9PSL-2.jpg?fit=2000%2C1317&ssl=1\",\"width\":2000,\"height\":1317},{\"@type\":\"BreadcrumbList\",\"@id\":\"https:\\\/\\\/iglesiaelfaroinc.org\\\/quienes-somos\\\/#breadcrumb\",\"itemListElement\":[{\"@type\":\"ListItem\",\"position\":1,\"name\":\"Home\",\"item\":\"https:\\\/\\\/iglesiaelfaroinc.org\\\/\"},{\"@type\":\"ListItem\",\"position\":2,\"name\":\"\u00bfQuienes Somos?\"}]},{\"@type\":\"WebSite\",\"@id\":\"https:\\\/\\\/iglesiaelfaroinc.org\\\/#website\",\"url\":\"https:\\\/\\\/iglesiaelfaroinc.org\\\/\",\"name\":\"Iglesia El Faro Inc.\",\"description\":\"Multitudes Para Cristo\",\"publisher\":{\"@id\":\"https:\\\/\\\/iglesiaelfaroinc.org\\\/#organization\"},\"potentialAction\":[{\"@type\":\"SearchAction\",\"target\":{\"@type\":\"EntryPoint\",\"urlTemplate\":\"https:\\\/\\\/iglesiaelfaroinc.org\\\/?s={search_term_string}\"},\"query-input\":{\"@type\":\"PropertyValueSpecification\",\"valueRequired\":true,\"valueName\":\"search_term_string\"}}],\"inLanguage\":\"en-US\"},{\"@type\":\"Organization\",\"@id\":\"https:\\\/\\\/iglesiaelfaroinc.org\\\/#organization\",\"name\":\"Pentecostal Church of Jesus Christ El Faro Inc.\",\"alternateName\":\"Iglesia El Faro Inc.\",\"url\":\"https:\\\/\\\/iglesiaelfaroinc.org\\\/\",\"logo\":{\"@type\":\"ImageObject\",\"inLanguage\":\"en-US\",\"@id\":\"https:\\\/\\\/iglesiaelfaroinc.org\\\/#\\\/schema\\\/logo\\\/image\\\/\",\"url\":\"https:\\\/\\\/i0.wp.com\\\/iglesiaelfaroinc.org\\\/wp-content\\\/uploads\\\/2024\\\/06\\\/cropped-cropped-cropped-Untitled-removebg-preview-removebg-preview-1-1.png?fit=409%2C419&ssl=1\",\"contentUrl\":\"https:\\\/\\\/i0.wp.com\\\/iglesiaelfaroinc.org\\\/wp-content\\\/uploads\\\/2024\\\/06\\\/cropped-cropped-cropped-Untitled-removebg-preview-removebg-preview-1-1.png?fit=409%2C419&ssl=1\",\"width\":409,\"height\":419,\"caption\":\"Pentecostal Church of Jesus Christ El Faro Inc.\"},\"image\":{\"@id\":\"https:\\\/\\\/iglesiaelfaroinc.org\\\/#\\\/schema\\\/logo\\\/image\\\/\"},\"sameAs\":[\"https:\\\/\\\/www.facebook.com\\\/IglesiaElFaro01\\\/\",\"https:\\\/\\\/x.com\\\/iglesiaelfaro1\",\"https:\\\/\\\/www.instagram.com\\\/iglesiaelfarompc\\\/\",\"https:\\\/\\\/www.youtube.com\\\/channel\\\/UCH3OXcplPzF-yuQ3T1_LEEA\"]}]}<\/script>\n<!-- \/ Yoast SEO plugin. -->","yoast_head_json":{"title":"About Us?","description":"SOBRE NOSOTROS Iglesia El Faro es una comunidad de fe que sigue las ense\u00f1anzas de la Biblia. Su objetivo es ayudar a las personas a crecer en su relaci\u00f3n","robots":{"index":"index","follow":"follow","max-snippet":"max-snippet:-1","max-image-preview":"max-image-preview:large","max-video-preview":"max-video-preview:-1"},"canonical":"https:\/\/iglesiaelfaroinc.org\/en\/quienes-somos\/","og_locale":"en_US","og_type":"article","og_title":"\u00bfQuienes Somos?","og_description":"SOBRE NOSOTROS Iglesia El Faro es una comunidad de fe que sigue las ense\u00f1anzas de la Biblia. Su objetivo es ayudar a las personas a crecer en su relaci\u00f3n","og_url":"https:\/\/iglesiaelfaroinc.org\/en\/quienes-somos\/","og_site_name":"iglesiaelfaroinc.org","article_publisher":"https:\/\/www.facebook.com\/IglesiaElFaro01\/","article_modified_time":"2024-10-11T21:13:12+00:00","og_image":[{"width":2000,"height":1317,"url":"https:\/\/iglesiaelfaroinc.org\/wp-content\/uploads\/2024\/06\/StockSnap_M6D1GS9PSL-2.jpg","type":"image\/jpeg"}],"twitter_card":"summary_large_image","twitter_site":"@iglesiaelfaro1","twitter_misc":{"Est. reading time":"2 minutes"},"schema":{"@context":"https:\/\/schema.org","@graph":[{"@type":"WebPage","@id":"https:\/\/iglesiaelfaroinc.org\/quienes-somos\/","url":"https:\/\/iglesiaelfaroinc.org\/quienes-somos\/","name":"About Us?","isPartOf":{"@id":"https:\/\/iglesiaelfaroinc.org\/#website"},"primaryImageOfPage":{"@id":"https:\/\/iglesiaelfaroinc.org\/quienes-somos\/#primaryimage"},"image":{"@id":"https:\/\/iglesiaelfaroinc.org\/quienes-somos\/#primaryimage"},"thumbnailUrl":"https:\/\/i0.wp.com\/iglesiaelfaroinc.org\/wp-content\/uploads\/2024\/06\/StockSnap_M6D1GS9PSL-2.jpg?fit=2000%2C1317&ssl=1","datePublished":"2024-06-06T17:48:25+00:00","dateModified":"2024-10-11T21:13:12+00:00","description":"SOBRE NOSOTROS Iglesia El Faro es una comunidad de fe que sigue las ense\u00f1anzas de la Biblia. Su objetivo es ayudar a las personas a crecer en su relaci\u00f3n","breadcrumb":{"@id":"https:\/\/iglesiaelfaroinc.org\/quienes-somos\/#breadcrumb"},"inLanguage":"en-US","potentialAction":[{"@type":"ReadAction","target":["https:\/\/iglesiaelfaroinc.org\/quienes-somos\/"]}]},{"@type":"ImageObject","inLanguage":"en-US","@id":"https:\/\/iglesiaelfaroinc.org\/quienes-somos\/#primaryimage","url":"https:\/\/i0.wp.com\/iglesiaelfaroinc.org\/wp-content\/uploads\/2024\/06\/StockSnap_M6D1GS9PSL-2.jpg?fit=2000%2C1317&ssl=1","contentUrl":"https:\/\/i0.wp.com\/iglesiaelfaroinc.org\/wp-content\/uploads\/2024\/06\/StockSnap_M6D1GS9PSL-2.jpg?fit=2000%2C1317&ssl=1","width":2000,"height":1317},{"@type":"BreadcrumbList","@id":"https:\/\/iglesiaelfaroinc.org\/quienes-somos\/#breadcrumb","itemListElement":[{"@type":"ListItem","position":1,"name":"Home","item":"https:\/\/iglesiaelfaroinc.org\/"},{"@type":"ListItem","position":2,"name":"\u00bfQuienes Somos?"}]},{"@type":"WebSite","@id":"https:\/\/iglesiaelfaroinc.org\/#website","url":"https:\/\/iglesiaelfaroinc.org\/","name":"Iglesia El Faro Inc.","description":"Multitudes Para Cristo","publisher":{"@id":"https:\/\/iglesiaelfaroinc.org\/#organization"},"potentialAction":[{"@type":"SearchAction","target":{"@type":"EntryPoint","urlTemplate":"https:\/\/iglesiaelfaroinc.org\/?s={search_term_string}"},"query-input":{"@type":"PropertyValueSpecification","valueRequired":true,"valueName":"search_term_string"}}],"inLanguage":"en-US"},{"@type":"Organization","@id":"https:\/\/iglesiaelfaroinc.org\/#organization","name":"Pentecostal Church of Jesus Christ El Faro Inc.","alternateName":"Iglesia El Faro Inc.","url":"https:\/\/iglesiaelfaroinc.org\/","logo":{"@type":"ImageObject","inLanguage":"en-US","@id":"https:\/\/iglesiaelfaroinc.org\/#\/schema\/logo\/image\/","url":"https:\/\/i0.wp.com\/iglesiaelfaroinc.org\/wp-content\/uploads\/2024\/06\/cropped-cropped-cropped-Untitled-removebg-preview-removebg-preview-1-1.png?fit=409%2C419&ssl=1","contentUrl":"https:\/\/i0.wp.com\/iglesiaelfaroinc.org\/wp-content\/uploads\/2024\/06\/cropped-cropped-cropped-Untitled-removebg-preview-removebg-preview-1-1.png?fit=409%2C419&ssl=1","width":409,"height":419,"caption":"Pentecostal Church of Jesus Christ El Faro Inc."},"image":{"@id":"https:\/\/iglesiaelfaroinc.org\/#\/schema\/logo\/image\/"},"sameAs":["https:\/\/www.facebook.com\/IglesiaElFaro01\/","https:\/\/x.com\/iglesiaelfaro1","https:\/\/www.instagram.com\/iglesiaelfarompc\/","https:\/\/www.youtube.com\/channel\/UCH3OXcplPzF-yuQ3T1_LEEA"]}]}},"jetpack_sharing_enabled":true,"featured_media_urls":{"thumbnail":["https:\/\/i0.wp.com\/iglesiaelfaroinc.org\/wp-content\/uploads\/2024\/06\/StockSnap_M6D1GS9PSL-2.jpg?resize=150%2C150&ssl=1",150,150,true],"medium":["https:\/\/i0.wp.com\/iglesiaelfaroinc.org\/wp-content\/uploads\/2024\/06\/StockSnap_M6D1GS9PSL-2.jpg?fit=300%2C198&ssl=1",300,198,true],"medium_large":["https:\/\/i0.wp.com\/iglesiaelfaroinc.org\/wp-content\/uploads\/2024\/06\/StockSnap_M6D1GS9PSL-2.jpg?fit=768%2C506&ssl=1",768,506,true],"large":["https:\/\/i0.wp.com\/iglesiaelfaroinc.org\/wp-content\/uploads\/2024\/06\/StockSnap_M6D1GS9PSL-2.jpg?fit=950%2C625&ssl=1",950,625,true],"1536x1536":["https:\/\/i0.wp.com\/iglesiaelfaroinc.org\/wp-content\/uploads\/2024\/06\/StockSnap_M6D1GS9PSL-2.jpg?fit=1536%2C1011&ssl=1",1536,1011,true],"2048x2048":["https:\/\/i0.wp.com\/iglesiaelfaroinc.org\/wp-content\/uploads\/2024\/06\/StockSnap_M6D1GS9PSL-2.jpg?fit=2000%2C1317&ssl=1",2000,1317,true],"trp-custom-language-flag":["https:\/\/i0.wp.com\/iglesiaelfaroinc.org\/wp-content\/uploads\/2024\/06\/StockSnap_M6D1GS9PSL-2.jpg?fit=18%2C12&ssl=1",18,12,true],"inspiro-featured-image":["https:\/\/i0.wp.com\/iglesiaelfaroinc.org\/wp-content\/uploads\/2024\/06\/StockSnap_M6D1GS9PSL-2.jpg?fit=2000%2C1317&ssl=1",2000,1317,true],"inspiro-loop":["https:\/\/i0.wp.com\/iglesiaelfaroinc.org\/wp-content\/uploads\/2024\/06\/StockSnap_M6D1GS9PSL-2.jpg?resize=950%2C320&ssl=1",950,320,true],"inspiro-loop@2x":["https:\/\/i0.wp.com\/iglesiaelfaroinc.org\/wp-content\/uploads\/2024\/06\/StockSnap_M6D1GS9PSL-2.jpg?resize=1900%2C640&ssl=1",1900,640,true],"portfolio_item-thumbnail":["https:\/\/iglesiaelfaroinc.org\/wp-content\/uploads\/2024\/06\/StockSnap_M6D1GS9PSL-2-600x400.jpg",600,400,true],"portfolio_item-thumbnail@2x":["https:\/\/iglesiaelfaroinc.org\/wp-content\/uploads\/2024\/06\/StockSnap_M6D1GS9PSL-2-1200x800.jpg",1200,800,true],"portfolio_item-masonry":["https:\/\/iglesiaelfaroinc.org\/wp-content\/uploads\/2024\/06\/StockSnap_M6D1GS9PSL-2-600x395.jpg",600,395,true],"portfolio_item-masonry@2x":["https:\/\/iglesiaelfaroinc.org\/wp-content\/uploads\/2024\/06\/StockSnap_M6D1GS9PSL-2-1200x790.jpg",1200,790,true],"portfolio_item-thumbnail_cinema":["https:\/\/iglesiaelfaroinc.org\/wp-content\/uploads\/2024\/06\/StockSnap_M6D1GS9PSL-2-800x335.jpg",800,335,true],"portfolio_item-thumbnail_portrait":["https:\/\/iglesiaelfaroinc.org\/wp-content\/uploads\/2024\/06\/StockSnap_M6D1GS9PSL-2-600x900.jpg",600,900,true],"portfolio_item-thumbnail_portrait@2x":["https:\/\/iglesiaelfaroinc.org\/wp-content\/uploads\/2024\/06\/StockSnap_M6D1GS9PSL-2-1200x1317.jpg",1200,1317,true],"portfolio_item-thumbnail_square":["https:\/\/iglesiaelfaroinc.org\/wp-content\/uploads\/2024\/06\/StockSnap_M6D1GS9PSL-2-800x800.jpg",800,800,true]},"_links":{"self":[{"href":"https:\/\/iglesiaelfaroinc.org\/en\/wp-json\/wp\/v2\/pages\/63","targetHints":{"allow":["GET"]}}],"collection":[{"href":"https:\/\/iglesiaelfaroinc.org\/en\/wp-json\/wp\/v2\/pages"}],"about":[{"href":"https:\/\/iglesiaelfaroinc.org\/en\/wp-json\/wp\/v2\/types\/page"}],"author":[{"embeddable":true,"href":"https:\/\/iglesiaelfaroinc.org\/en\/wp-json\/wp\/v2\/users\/1"}],"replies":[{"embeddable":true,"href":"https:\/\/iglesiaelfaroinc.org\/en\/wp-json\/wp\/v2\/comments?post=63"}],"version-history":[{"count":6,"href":"https:\/\/iglesiaelfaroinc.org\/en\/wp-json\/wp\/v2\/pages\/63\/revisions"}],"predecessor-version":[{"id":1158,"href":"https:\/\/iglesiaelfaroinc.org\/en\/wp-json\/wp\/v2\/pages\/63\/revisions\/1158"}],"wp:featuredmedia":[{"embeddable":true,"href":"https:\/\/iglesiaelfaroinc.org\/en\/wp-json\/wp\/v2\/media\/60"}],"wp:attachment":[{"href":"https:\/\/iglesiaelfaroinc.org\/en\/wp-json\/wp\/v2\/media?parent=63"}],"curies":[{"name":"wp","href":"https:\/\/api.w.org\/{rel}","templated":true}]}}