{"id":657,"date":"2024-06-20T03:32:03","date_gmt":"2024-06-20T03:32:03","guid":{"rendered":"https:\/\/iglesiaelfaroinc.org\/?page_id=657"},"modified":"2024-07-28T00:19:54","modified_gmt":"2024-07-28T00:19:54","slug":"jovenes","status":"publish","type":"page","link":"https:\/\/iglesiaelfaroinc.org\/en\/jovenes\/","title":{"rendered":"Youth"},"content":{"rendered":"<div class=\"wp-block-cover alignfull\" style=\"min-height:708px;aspect-ratio:unset;\"><span aria-hidden=\"true\" class=\"wp-block-cover__background has-primary-background-color has-background-dim\"><\/span><img data-recalc-dims=\"1\" loading=\"lazy\" decoding=\"async\" width=\"586\" height=\"389\" class=\"wp-block-cover__image-background wp-image-791\" alt=\"\" src=\"https:\/\/i0.wp.com\/iglesiaelfaroinc.org\/wp-content\/uploads\/2024\/06\/Screenshot-2023-10-30-161635.png?resize=586%2C389&#038;ssl=1\" data-object-fit=\"cover\" srcset=\"https:\/\/i0.wp.com\/iglesiaelfaroinc.org\/wp-content\/uploads\/2024\/06\/Screenshot-2023-10-30-161635.png?w=586&amp;ssl=1 586w, https:\/\/i0.wp.com\/iglesiaelfaroinc.org\/wp-content\/uploads\/2024\/06\/Screenshot-2023-10-30-161635.png?resize=300%2C199&amp;ssl=1 300w, https:\/\/i0.wp.com\/iglesiaelfaroinc.org\/wp-content\/uploads\/2024\/06\/Screenshot-2023-10-30-161635.png?resize=18%2C12&amp;ssl=1 18w\" sizes=\"auto, (max-width: 586px) 100vw, 586px\" \/><div class=\"wp-block-cover__inner-container has-global-padding is-layout-constrained wp-block-cover-is-layout-constrained\">\n<p class=\"has-text-align-center has-white-color has-text-color has-max-60-font-size nfd-wb-animate nfd-wb-zoom-in\" style=\"font-style:normal;font-weight:900;line-height:1.2\"><strong><strong>Youth<\/strong><\/strong><\/p>\n\n\n\n<div class=\"wp-block-group has-global-padding is-layout-constrained wp-block-group-is-layout-constrained\">\n<div class=\"wp-block-group has-global-padding is-layout-constrained wp-container-core-group-is-layout-19e250f3 wp-block-group-is-layout-constrained\">\n<div class=\"wp-block-group nfd-wb-animate nfd-wb-zoom-in has-global-padding is-layout-constrained wp-container-core-group-is-layout-19e250f3 wp-block-group-is-layout-constrained\">\n<p class=\"nfd-text-md nfd-text-balance nfd-text-faded has-text-align-center has-background-color has-text-color has-link-color wp-elements-fd401c5bb3feb3d56696b16af99cf0a6\">Let no one despise your youth, but be an example of believers in word, conduct, love, spirit, faith, and purity. <\/p>\n\n\n\n<p class=\"nfd-text-md nfd-text-balance nfd-text-faded has-text-align-center has-background-color has-text-color has-link-color has-small-font-size wp-elements-8967dcadd5642b2a1def68fb350e6b6a\">1 Timothy 4:12 (KJV)<\/p>\n<\/div>\n<\/div>\n<\/div>\n<\/div><\/div>\n\n\n\n<div class=\"nfd-container nfd-p-lg wp-block-group alignfull nfd-bg-surface nfd-theme-darker is-content-justification-center is-nowrap is-layout-flex wp-container-core-group-is-layout-23441af8 wp-block-group-is-layout-flex\" style=\"border-style:none;border-width:0px;border-radius:0px\">\n<div class=\"nfd-gap-xl wp-block-group is-vertical is-content-justification-center is-layout-flex wp-container-core-group-is-layout-ce155fab wp-block-group-is-layout-flex\">\n<div class=\"wp-block-group has-global-padding is-layout-constrained wp-block-group-is-layout-constrained\">\n<div class=\"wp-block-group has-global-padding is-layout-constrained wp-container-core-group-is-layout-19e250f3 wp-block-group-is-layout-constrained\">\n<h1 class=\"wp-block-heading has-text-align-center has-text-color has-large-font-size\" style=\"color:#fffffa;text-transform:uppercase\">SERVICIO DE J\u00d3VENES DEL JULIO 26 de 2024<\/h1>\n\n\n\n<p class=\"\"><\/p>\n\n\n\n<figure class=\"wp-block-image aligncenter size-full\"><img data-recalc-dims=\"1\" loading=\"lazy\" decoding=\"async\" width=\"950\" height=\"888\" src=\"https:\/\/i0.wp.com\/iglesiaelfaroinc.org\/wp-content\/uploads\/2024\/07\/CHURCH-ONLINE-INSTAGRAM-POST-TEMPLATE-Made-with-PosterMyWall-1.jpg?resize=950%2C888&#038;ssl=1\" alt=\"\" class=\"wp-image-1124\" srcset=\"https:\/\/i0.wp.com\/iglesiaelfaroinc.org\/wp-content\/uploads\/2024\/07\/CHURCH-ONLINE-INSTAGRAM-POST-TEMPLATE-Made-with-PosterMyWall-1.jpg?w=1080&amp;ssl=1 1080w, https:\/\/i0.wp.com\/iglesiaelfaroinc.org\/wp-content\/uploads\/2024\/07\/CHURCH-ONLINE-INSTAGRAM-POST-TEMPLATE-Made-with-PosterMyWall-1.jpg?resize=300%2C281&amp;ssl=1 300w, https:\/\/i0.wp.com\/iglesiaelfaroinc.org\/wp-content\/uploads\/2024\/07\/CHURCH-ONLINE-INSTAGRAM-POST-TEMPLATE-Made-with-PosterMyWall-1.jpg?resize=1024%2C958&amp;ssl=1 1024w, https:\/\/i0.wp.com\/iglesiaelfaroinc.org\/wp-content\/uploads\/2024\/07\/CHURCH-ONLINE-INSTAGRAM-POST-TEMPLATE-Made-with-PosterMyWall-1.jpg?resize=13%2C12&amp;ssl=1 13w\" sizes=\"auto, (max-width: 950px) 100vw, 950px\" \/><\/figure>\n<\/div>\n<\/div>\n\n\n\n<div class=\"wp-block-group is-nowrap is-layout-flex wp-container-core-group-is-layout-6c531013 wp-block-group-is-layout-flex\">\n<div class=\"wp-block-group has-global-padding is-layout-constrained wp-block-group-is-layout-constrained\">\n<h1 class=\"wp-block-heading has-text-align-center has-text-color has-large-font-size\" style=\"color:#fffffa;text-transform:uppercase\">VISIT US ON BOXCAST<\/h1>\n\n\n\n<div class=\"wp-block-group has-global-padding is-layout-constrained wp-block-group-is-layout-constrained\">\n<div class=\"wp-block-buttons is-content-justification-center is-layout-flex wp-container-core-buttons-is-layout-a89b3969 wp-block-buttons-is-layout-flex\">\n<div class=\"is-style-outline wp-block-button is-style-outline--1\"><a class=\"wp-block-button__link has-primary-color has-white-background-color has-text-color has-background has-link-color wp-element-button\" href=\"https:\/\/boxcast.tv\/view\/youth-service-yoc7ug68umafeona8vqd?_gl=1*1kiy87v*_gcl_au*OTE3NjI5NDA4LjE3MjA4MDc4OTk.*_ga*MTI0MjIwOTE0My4xNzIwODA3ODk5*_ga_PXBBF7HVWQ*MTcyMjEyNDcyNC45LjEuMTcyMjEyNTE0NC4wLjAuMA..\" style=\"border-style:none;border-width:0px;border-radius:76px\"><strong>LIVE STREAMING<\/strong><\/a><\/div>\n<\/div>\n<\/div>\n<\/div>\n<\/div>\n\n\n\n<div style=\"height:0px\" aria-hidden=\"true\" class=\"wp-block-spacer wp-container-content-6388d5dc\"><\/div>\n\n\n\n<p class=\"has-text-align-center has-white-color has-text-color\"><strong>Friday<\/strong>, <strong>June 7, 2024, Glow in the Dark Highlight. <\/strong><\/p>\n\n\n\n<figure class=\"wp-block-video alignwide\"><video height=\"1080\" style=\"aspect-ratio: 1920 \/ 1080;\" width=\"1920\" autoplay controls loop src=\"https:\/\/iglesiaelfaroinc.org\/wp-content\/uploads\/2024\/06\/Glow-in-the-Dark-2024-06-19-15-09-06NEW-1.mp4\"><\/video><\/figure>\n\n\n\n<div class=\"wp-block-group has-global-padding is-layout-constrained wp-block-group-is-layout-constrained\">\n<div class=\"wp-block-group has-global-padding is-layout-constrained wp-container-core-group-is-layout-19e250f3 wp-block-group-is-layout-constrained\">\n<h1 class=\"wp-block-heading has-text-align-center has-text-color has-large-font-size\" style=\"color:#fffffa;text-transform:uppercase\">VISIT US ON BOXCAST<\/h1>\n<\/div>\n\n\n\n<div class=\"wp-block-buttons is-content-justification-center is-layout-flex wp-container-core-buttons-is-layout-a89b3969 wp-block-buttons-is-layout-flex\">\n<div class=\"is-style-outline wp-block-button is-style-outline--2\"><a class=\"wp-block-button__link has-primary-color has-white-background-color has-text-color has-background has-link-color wp-element-button\" href=\"https:\/\/boxcast.tv\/view\/youth-night-zmsuv9lwk5gjdxirmcjc?_gl=1*duz70h*_gcl_au*MTk2MzcyNjA4NS4xNzE2NzQxMTc0*_ga*MjM5NTU0NjIwLjE3MTY3NDExNzQ.*_ga_PXBBF7HVWQ*MTcxODgzOTUxMi4xMC4wLjE3MTg4Mzk1MTIuMC4wLjA.\" style=\"border-style:none;border-width:0px;border-radius:76px\"><strong>LIVE STREAMING<\/strong><\/a><\/div>\n<\/div>\n<\/div>\n<\/div>\n<\/div>","protected":false},"excerpt":{"rendered":"<p>SERVICIO DE J\u00d3VENES DEL JULIO 26 de 2024 VIS\u00cdTENOS EN BOXCAST Viernes, 7 de Junio de 2024, Brillan en la Oscuridad Highlight. VIS\u00cdTENOS EN BOXCAST<\/p>","protected":false},"author":1,"featured_media":0,"parent":0,"menu_order":0,"comment_status":"closed","ping_status":"closed","template":"page-templates\/full-width-no-title.php","meta":{"nf_dc_page":"","WB4WB4WP_MODE":"","WB4WP_PAGE_SCRIPTS":"","WB4WP_PAGE_STYLES":"","WB4WP_PAGE_FONTS":"","WB4WP_PAGE_HEADER":"","WB4WP_PAGE_FOOTER":"","_monsterinsights_skip_tracking":false,"_monsterinsights_sitenote_active":false,"_monsterinsights_sitenote_note":"","_monsterinsights_sitenote_category":0,"_uf_show_specific_survey":0,"_uf_disable_surveys":false,"inspiro_hide_title":false,"footnotes":""},"class_list":["post-657","page","type-page","status-publish","hentry"],"yoast_head":"<!-- This site is optimized with the Yoast SEO plugin v27.4 - https:\/\/yoast.com\/product\/yoast-seo-wordpress\/ -->\n<title>J\u00f3venes<\/title>\n<meta name=\"description\" content=\"J\u00d3VENES Que nadie menosprecie tu juventud, sino s\u00e9 ejemplo de los creyentes en palabra, conducta, amor, esp\u00edritu, fe y pureza. 1 Timoteo 4:12 (RVR)\" \/>\n<meta name=\"robots\" content=\"index, follow, max-snippet:-1, max-image-preview:large, max-video-preview:-1\" \/>\n<link rel=\"canonical\" href=\"https:\/\/iglesiaelfaroinc.org\/en\/jovenes\/\" \/>\n<meta property=\"og:locale\" content=\"en_US\" \/>\n<meta property=\"og:type\" content=\"article\" \/>\n<meta property=\"og:title\" content=\"J\u00f3venes\" \/>\n<meta property=\"og:description\" content=\"J\u00d3VENES Que nadie menosprecie tu juventud, sino s\u00e9 ejemplo de los creyentes en palabra, conducta, amor, esp\u00edritu, fe y pureza. 1 Timoteo 4:12 (RVR)\" \/>\n<meta property=\"og:url\" content=\"https:\/\/iglesiaelfaroinc.org\/en\/jovenes\/\" \/>\n<meta property=\"og:site_name\" content=\"iglesiaelfaroinc.org\" \/>\n<meta property=\"article:publisher\" content=\"https:\/\/www.facebook.com\/IglesiaElFaro01\/\" \/>\n<meta property=\"article:modified_time\" content=\"2024-07-28T00:19:54+00:00\" \/>\n<meta property=\"og:image\" content=\"https:\/\/iglesiaelfaroinc.org\/wp-content\/uploads\/2024\/06\/Screenshot-2023-10-30-161635.png\" \/>\n<meta name=\"twitter:card\" content=\"summary_large_image\" \/>\n<meta name=\"twitter:site\" content=\"@iglesiaelfaro1\" \/>\n<meta name=\"twitter:label1\" content=\"Est. reading time\" \/>\n\t<meta name=\"twitter:data1\" content=\"1 minute\" \/>\n<script type=\"application\/ld+json\" class=\"yoast-schema-graph\">{\"@context\":\"https:\\\/\\\/schema.org\",\"@graph\":[{\"@type\":\"WebPage\",\"@id\":\"https:\\\/\\\/iglesiaelfaroinc.org\\\/jovenes\\\/\",\"url\":\"https:\\\/\\\/iglesiaelfaroinc.org\\\/jovenes\\\/\",\"name\":\"J\u00f3venes\",\"isPartOf\":{\"@id\":\"https:\\\/\\\/iglesiaelfaroinc.org\\\/#website\"},\"primaryImageOfPage\":{\"@id\":\"https:\\\/\\\/iglesiaelfaroinc.org\\\/jovenes\\\/#primaryimage\"},\"image\":{\"@id\":\"https:\\\/\\\/iglesiaelfaroinc.org\\\/jovenes\\\/#primaryimage\"},\"thumbnailUrl\":\"https:\\\/\\\/iglesiaelfaroinc.org\\\/wp-content\\\/uploads\\\/2024\\\/06\\\/Screenshot-2023-10-30-161635.png\",\"datePublished\":\"2024-06-20T03:32:03+00:00\",\"dateModified\":\"2024-07-28T00:19:54+00:00\",\"description\":\"J\u00d3VENES Que nadie menosprecie tu juventud, sino s\u00e9 ejemplo de los creyentes en palabra, conducta, amor, esp\u00edritu, fe y pureza. 1 Timoteo 4:12 (RVR)\",\"breadcrumb\":{\"@id\":\"https:\\\/\\\/iglesiaelfaroinc.org\\\/jovenes\\\/#breadcrumb\"},\"inLanguage\":\"en-US\",\"potentialAction\":[{\"@type\":\"ReadAction\",\"target\":[\"https:\\\/\\\/iglesiaelfaroinc.org\\\/jovenes\\\/\"]}]},{\"@type\":\"ImageObject\",\"inLanguage\":\"en-US\",\"@id\":\"https:\\\/\\\/iglesiaelfaroinc.org\\\/jovenes\\\/#primaryimage\",\"url\":\"https:\\\/\\\/iglesiaelfaroinc.org\\\/wp-content\\\/uploads\\\/2024\\\/06\\\/Screenshot-2023-10-30-161635.png\",\"contentUrl\":\"https:\\\/\\\/iglesiaelfaroinc.org\\\/wp-content\\\/uploads\\\/2024\\\/06\\\/Screenshot-2023-10-30-161635.png\"},{\"@type\":\"BreadcrumbList\",\"@id\":\"https:\\\/\\\/iglesiaelfaroinc.org\\\/jovenes\\\/#breadcrumb\",\"itemListElement\":[{\"@type\":\"ListItem\",\"position\":1,\"name\":\"Home\",\"item\":\"https:\\\/\\\/iglesiaelfaroinc.org\\\/\"},{\"@type\":\"ListItem\",\"position\":2,\"name\":\"J\u00f3venes\"}]},{\"@type\":\"WebSite\",\"@id\":\"https:\\\/\\\/iglesiaelfaroinc.org\\\/#website\",\"url\":\"https:\\\/\\\/iglesiaelfaroinc.org\\\/\",\"name\":\"Iglesia El Faro Inc.\",\"description\":\"Multitudes Para Cristo\",\"publisher\":{\"@id\":\"https:\\\/\\\/iglesiaelfaroinc.org\\\/#organization\"},\"potentialAction\":[{\"@type\":\"SearchAction\",\"target\":{\"@type\":\"EntryPoint\",\"urlTemplate\":\"https:\\\/\\\/iglesiaelfaroinc.org\\\/?s={search_term_string}\"},\"query-input\":{\"@type\":\"PropertyValueSpecification\",\"valueRequired\":true,\"valueName\":\"search_term_string\"}}],\"inLanguage\":\"en-US\"},{\"@type\":\"Organization\",\"@id\":\"https:\\\/\\\/iglesiaelfaroinc.org\\\/#organization\",\"name\":\"Pentecostal Church of Jesus Christ El Faro Inc.\",\"alternateName\":\"Iglesia El Faro Inc.\",\"url\":\"https:\\\/\\\/iglesiaelfaroinc.org\\\/\",\"logo\":{\"@type\":\"ImageObject\",\"inLanguage\":\"en-US\",\"@id\":\"https:\\\/\\\/iglesiaelfaroinc.org\\\/#\\\/schema\\\/logo\\\/image\\\/\",\"url\":\"https:\\\/\\\/i0.wp.com\\\/iglesiaelfaroinc.org\\\/wp-content\\\/uploads\\\/2024\\\/06\\\/cropped-cropped-cropped-Untitled-removebg-preview-removebg-preview-1-1.png?fit=409%2C419&ssl=1\",\"contentUrl\":\"https:\\\/\\\/i0.wp.com\\\/iglesiaelfaroinc.org\\\/wp-content\\\/uploads\\\/2024\\\/06\\\/cropped-cropped-cropped-Untitled-removebg-preview-removebg-preview-1-1.png?fit=409%2C419&ssl=1\",\"width\":409,\"height\":419,\"caption\":\"Pentecostal Church of Jesus Christ El Faro Inc.\"},\"image\":{\"@id\":\"https:\\\/\\\/iglesiaelfaroinc.org\\\/#\\\/schema\\\/logo\\\/image\\\/\"},\"sameAs\":[\"https:\\\/\\\/www.facebook.com\\\/IglesiaElFaro01\\\/\",\"https:\\\/\\\/x.com\\\/iglesiaelfaro1\",\"https:\\\/\\\/www.instagram.com\\\/iglesiaelfarompc\\\/\",\"https:\\\/\\\/www.youtube.com\\\/channel\\\/UCH3OXcplPzF-yuQ3T1_LEEA\"]}]}<\/script>\n<!-- \/ Yoast SEO plugin. -->","yoast_head_json":{"title":"Youth","description":"J\u00d3VENES Que nadie menosprecie tu juventud, sino s\u00e9 ejemplo de los creyentes en palabra, conducta, amor, esp\u00edritu, fe y pureza. 1 Timoteo 4:12 (RVR)","robots":{"index":"index","follow":"follow","max-snippet":"max-snippet:-1","max-image-preview":"max-image-preview:large","max-video-preview":"max-video-preview:-1"},"canonical":"https:\/\/iglesiaelfaroinc.org\/en\/jovenes\/","og_locale":"en_US","og_type":"article","og_title":"J\u00f3venes","og_description":"J\u00d3VENES Que nadie menosprecie tu juventud, sino s\u00e9 ejemplo de los creyentes en palabra, conducta, amor, esp\u00edritu, fe y pureza. 1 Timoteo 4:12 (RVR)","og_url":"https:\/\/iglesiaelfaroinc.org\/en\/jovenes\/","og_site_name":"iglesiaelfaroinc.org","article_publisher":"https:\/\/www.facebook.com\/IglesiaElFaro01\/","article_modified_time":"2024-07-28T00:19:54+00:00","og_image":[{"url":"https:\/\/iglesiaelfaroinc.org\/wp-content\/uploads\/2024\/06\/Screenshot-2023-10-30-161635.png","type":"","width":"","height":""}],"twitter_card":"summary_large_image","twitter_site":"@iglesiaelfaro1","twitter_misc":{"Est. reading time":"1 minute"},"schema":{"@context":"https:\/\/schema.org","@graph":[{"@type":"WebPage","@id":"https:\/\/iglesiaelfaroinc.org\/jovenes\/","url":"https:\/\/iglesiaelfaroinc.org\/jovenes\/","name":"Youth","isPartOf":{"@id":"https:\/\/iglesiaelfaroinc.org\/#website"},"primaryImageOfPage":{"@id":"https:\/\/iglesiaelfaroinc.org\/jovenes\/#primaryimage"},"image":{"@id":"https:\/\/iglesiaelfaroinc.org\/jovenes\/#primaryimage"},"thumbnailUrl":"https:\/\/iglesiaelfaroinc.org\/wp-content\/uploads\/2024\/06\/Screenshot-2023-10-30-161635.png","datePublished":"2024-06-20T03:32:03+00:00","dateModified":"2024-07-28T00:19:54+00:00","description":"J\u00d3VENES Que nadie menosprecie tu juventud, sino s\u00e9 ejemplo de los creyentes en palabra, conducta, amor, esp\u00edritu, fe y pureza. 1 Timoteo 4:12 (RVR)","breadcrumb":{"@id":"https:\/\/iglesiaelfaroinc.org\/jovenes\/#breadcrumb"},"inLanguage":"en-US","potentialAction":[{"@type":"ReadAction","target":["https:\/\/iglesiaelfaroinc.org\/jovenes\/"]}]},{"@type":"ImageObject","inLanguage":"en-US","@id":"https:\/\/iglesiaelfaroinc.org\/jovenes\/#primaryimage","url":"https:\/\/iglesiaelfaroinc.org\/wp-content\/uploads\/2024\/06\/Screenshot-2023-10-30-161635.png","contentUrl":"https:\/\/iglesiaelfaroinc.org\/wp-content\/uploads\/2024\/06\/Screenshot-2023-10-30-161635.png"},{"@type":"BreadcrumbList","@id":"https:\/\/iglesiaelfaroinc.org\/jovenes\/#breadcrumb","itemListElement":[{"@type":"ListItem","position":1,"name":"Home","item":"https:\/\/iglesiaelfaroinc.org\/"},{"@type":"ListItem","position":2,"name":"J\u00f3venes"}]},{"@type":"WebSite","@id":"https:\/\/iglesiaelfaroinc.org\/#website","url":"https:\/\/iglesiaelfaroinc.org\/","name":"Iglesia El Faro Inc.","description":"Multitudes Para Cristo","publisher":{"@id":"https:\/\/iglesiaelfaroinc.org\/#organization"},"potentialAction":[{"@type":"SearchAction","target":{"@type":"EntryPoint","urlTemplate":"https:\/\/iglesiaelfaroinc.org\/?s={search_term_string}"},"query-input":{"@type":"PropertyValueSpecification","valueRequired":true,"valueName":"search_term_string"}}],"inLanguage":"en-US"},{"@type":"Organization","@id":"https:\/\/iglesiaelfaroinc.org\/#organization","name":"Pentecostal Church of Jesus Christ El Faro Inc.","alternateName":"Iglesia El Faro Inc.","url":"https:\/\/iglesiaelfaroinc.org\/","logo":{"@type":"ImageObject","inLanguage":"en-US","@id":"https:\/\/iglesiaelfaroinc.org\/#\/schema\/logo\/image\/","url":"https:\/\/i0.wp.com\/iglesiaelfaroinc.org\/wp-content\/uploads\/2024\/06\/cropped-cropped-cropped-Untitled-removebg-preview-removebg-preview-1-1.png?fit=409%2C419&ssl=1","contentUrl":"https:\/\/i0.wp.com\/iglesiaelfaroinc.org\/wp-content\/uploads\/2024\/06\/cropped-cropped-cropped-Untitled-removebg-preview-removebg-preview-1-1.png?fit=409%2C419&ssl=1","width":409,"height":419,"caption":"Pentecostal Church of Jesus Christ El Faro Inc."},"image":{"@id":"https:\/\/iglesiaelfaroinc.org\/#\/schema\/logo\/image\/"},"sameAs":["https:\/\/www.facebook.com\/IglesiaElFaro01\/","https:\/\/x.com\/iglesiaelfaro1","https:\/\/www.instagram.com\/iglesiaelfarompc\/","https:\/\/www.youtube.com\/channel\/UCH3OXcplPzF-yuQ3T1_LEEA"]}]}},"jetpack_sharing_enabled":true,"featured_media_urls":[],"_links":{"self":[{"href":"https:\/\/iglesiaelfaroinc.org\/en\/wp-json\/wp\/v2\/pages\/657","targetHints":{"allow":["GET"]}}],"collection":[{"href":"https:\/\/iglesiaelfaroinc.org\/en\/wp-json\/wp\/v2\/pages"}],"about":[{"href":"https:\/\/iglesiaelfaroinc.org\/en\/wp-json\/wp\/v2\/types\/page"}],"author":[{"embeddable":true,"href":"https:\/\/iglesiaelfaroinc.org\/en\/wp-json\/wp\/v2\/users\/1"}],"replies":[{"embeddable":true,"href":"https:\/\/iglesiaelfaroinc.org\/en\/wp-json\/wp\/v2\/comments?post=657"}],"version-history":[{"count":4,"href":"https:\/\/iglesiaelfaroinc.org\/en\/wp-json\/wp\/v2\/pages\/657\/revisions"}],"predecessor-version":[{"id":1126,"href":"https:\/\/iglesiaelfaroinc.org\/en\/wp-json\/wp\/v2\/pages\/657\/revisions\/1126"}],"wp:attachment":[{"href":"https:\/\/iglesiaelfaroinc.org\/en\/wp-json\/wp\/v2\/media?parent=657"}],"curies":[{"name":"wp","href":"https:\/\/api.w.org\/{rel}","templated":true}]}}