{"id":695,"date":"2024-06-20T03:42:54","date_gmt":"2024-06-20T03:42:54","guid":{"rendered":"https:\/\/iglesiaelfaroinc.org\/?page_id=695"},"modified":"2024-10-11T18:56:22","modified_gmt":"2024-10-11T18:56:22","slug":"damas-y-caballeros","status":"publish","type":"page","link":"https:\/\/iglesiaelfaroinc.org\/en\/damas-y-caballeros\/","title":{"rendered":"Damas y Caballeros"},"content":{"rendered":"<div class=\"wp-block-cover alignfull\" style=\"min-height:708px;aspect-ratio:unset;\"><span aria-hidden=\"true\" class=\"wp-block-cover__background has-primary-background-color has-background-dim\"><\/span><img data-recalc-dims=\"1\" loading=\"lazy\" decoding=\"async\" width=\"950\" height=\"634\" class=\"wp-block-cover__image-background wp-image-760\" alt=\"\" src=\"https:\/\/i0.wp.com\/iglesiaelfaroinc.org\/wp-content\/uploads\/2024\/06\/R-2.jpeg?resize=950%2C634&#038;ssl=1\" style=\"object-position:53% 6%\" data-object-fit=\"cover\" data-object-position=\"53% 6%\" srcset=\"https:\/\/i0.wp.com\/iglesiaelfaroinc.org\/wp-content\/uploads\/2024\/06\/R-2.jpeg?w=1024&amp;ssl=1 1024w, https:\/\/i0.wp.com\/iglesiaelfaroinc.org\/wp-content\/uploads\/2024\/06\/R-2.jpeg?resize=300%2C200&amp;ssl=1 300w, https:\/\/i0.wp.com\/iglesiaelfaroinc.org\/wp-content\/uploads\/2024\/06\/R-2.jpeg?resize=18%2C12&amp;ssl=1 18w\" sizes=\"auto, (max-width: 950px) 100vw, 950px\" \/><div class=\"wp-block-cover__inner-container has-global-padding is-layout-constrained wp-block-cover-is-layout-constrained\">\n<div class=\"wp-block-group has-global-padding is-layout-constrained wp-container-core-group-is-layout-19e250f3 wp-block-group-is-layout-constrained\">\n<p class=\"has-text-align-center has-white-color has-text-color nfd-wb-animate nfd-wb-zoom-in\" style=\"font-size:clamp(33.419px, 2.089rem + ((1vw - 3.2px) * 2.352), 60px);font-style:normal;font-weight:900;line-height:1.2\"><strong><strong>LADIES AND GENTLEMEN <\/strong><\/strong><\/p>\n<\/div>\n\n\n\n<div class=\"wp-block-group has-global-padding is-layout-constrained wp-block-group-is-layout-constrained\">\n<div class=\"wp-block-group has-global-padding is-layout-constrained wp-container-core-group-is-layout-19e250f3 wp-block-group-is-layout-constrained\">\n<div class=\"wp-block-group nfd-wb-animate nfd-wb-zoom-in has-global-padding is-layout-constrained wp-container-core-group-is-layout-19e250f3 wp-block-group-is-layout-constrained\">\n<p class=\"nfd-text-md nfd-text-balance nfd-text-faded has-text-align-center has-background-color has-text-color has-link-color has-medium-font-size wp-elements-310f748cd87f6cc083904731307aee0b\">If anyone serves me, let him follow me; and where I am, there also will my servant be. If anyone serves me, my Father will honor him.<\/p>\n\n\n\n<p class=\"nfd-text-md nfd-text-balance nfd-text-faded has-text-align-center has-background-color has-text-color has-link-color has-medium-font-size wp-elements-a15948217347104cec0d391628836395\">John 12:26 (KJV 1960)<\/p>\n<\/div>\n<\/div>\n<\/div>\n<\/div><\/div>\n\n\n\n<div class=\"wp-block-group is-vertical is-content-justification-center is-layout-flex wp-container-core-group-is-layout-ce155fab wp-block-group-is-layout-flex\">\n<div style=\"margin-top:0;margin-bottom:0;height:0px\" aria-hidden=\"true\" class=\"wp-block-spacer wp-container-content-9760934e\"><\/div>\n\n\n\n<div style=\"margin-top:0;margin-bottom:0;height:0px\" aria-hidden=\"true\" class=\"wp-block-spacer wp-container-content-6388d5dc\"><\/div>\n\n\n\n<div class=\"wp-block-group has-global-padding is-layout-constrained wp-block-group-is-layout-constrained\">\n<p class=\"has-text-align-center has-large-font-size\"><strong>FATHER'S DAY<\/strong><\/p>\n\n\n\n<figure class=\"wp-block-image size-large\"><img data-recalc-dims=\"1\" loading=\"lazy\" decoding=\"async\" width=\"950\" height=\"713\" src=\"https:\/\/i0.wp.com\/iglesiaelfaroinc.org\/wp-content\/uploads\/2024\/06\/448496016_1051428843164562_6285035021460682994_n.jpg?resize=950%2C713&#038;ssl=1\" alt=\"\" class=\"wp-image-699\" srcset=\"https:\/\/i0.wp.com\/iglesiaelfaroinc.org\/wp-content\/uploads\/2024\/06\/448496016_1051428843164562_6285035021460682994_n.jpg?resize=1024%2C768&amp;ssl=1 1024w, https:\/\/i0.wp.com\/iglesiaelfaroinc.org\/wp-content\/uploads\/2024\/06\/448496016_1051428843164562_6285035021460682994_n.jpg?resize=300%2C225&amp;ssl=1 300w, https:\/\/i0.wp.com\/iglesiaelfaroinc.org\/wp-content\/uploads\/2024\/06\/448496016_1051428843164562_6285035021460682994_n.jpg?resize=16%2C12&amp;ssl=1 16w, https:\/\/i0.wp.com\/iglesiaelfaroinc.org\/wp-content\/uploads\/2024\/06\/448496016_1051428843164562_6285035021460682994_n.jpg?w=1600&amp;ssl=1 1600w\" sizes=\"auto, (max-width: 950px) 100vw, 950px\" \/><\/figure>\n<\/div>\n<\/div>\n\n\n\n<div class=\"wp-block-group has-primary-background-color has-background has-global-padding is-layout-constrained wp-block-group-is-layout-constrained\">\n<div class=\"wp-block-group has-primary-background-color has-background is-vertical is-content-justification-center is-layout-flex wp-container-core-group-is-layout-7a7dcd93 wp-block-group-is-layout-flex\" style=\"border-style:none;border-width:0px;border-radius:0px;min-height:0px;margin-top:0;margin-bottom:0;padding-top:0;padding-right:0;padding-bottom:0;padding-left:0\">\n<p class=\"\"><\/p>\n\n\n\n<p class=\"has-text-align-center has-white-color has-text-color has-link-color has-large-font-size wp-elements-8186afe34c1f864ba0a14b924c4fd0ec\"><strong>LADIES DINNER<\/strong><\/p>\n<\/div>\n\n\n\n<div class=\"nfd-container nfd-bg-surface nfd-theme-white is-style-nfd-theme-white wp-block-group has-primary-background-color has-background has-global-padding is-layout-constrained wp-block-group-is-layout-constrained\">\n<figure class=\"wp-block-gallery has-nested-images columns-default is-cropped wp-block-gallery-1 is-layout-flex wp-block-gallery-is-layout-flex\">\n<figure class=\"nfd-w-full is-style-default wp-block-image size-large\"><img data-recalc-dims=\"1\" loading=\"lazy\" decoding=\"async\" width=\"950\" height=\"713\" data-id=\"700\" src=\"https:\/\/i0.wp.com\/iglesiaelfaroinc.org\/wp-content\/uploads\/2024\/06\/438260412_1025379739102806_3469401847679414270_n.jpg?resize=950%2C713&#038;ssl=1\" alt=\"\" class=\"wp-image-700\" style=\"aspect-ratio:3\/2;object-fit:cover\" srcset=\"https:\/\/i0.wp.com\/iglesiaelfaroinc.org\/wp-content\/uploads\/2024\/06\/438260412_1025379739102806_3469401847679414270_n.jpg?resize=1024%2C768&amp;ssl=1 1024w, https:\/\/i0.wp.com\/iglesiaelfaroinc.org\/wp-content\/uploads\/2024\/06\/438260412_1025379739102806_3469401847679414270_n.jpg?resize=300%2C225&amp;ssl=1 300w, https:\/\/i0.wp.com\/iglesiaelfaroinc.org\/wp-content\/uploads\/2024\/06\/438260412_1025379739102806_3469401847679414270_n.jpg?resize=16%2C12&amp;ssl=1 16w, https:\/\/i0.wp.com\/iglesiaelfaroinc.org\/wp-content\/uploads\/2024\/06\/438260412_1025379739102806_3469401847679414270_n.jpg?w=1600&amp;ssl=1 1600w\" sizes=\"auto, (max-width: 950px) 100vw, 950px\" \/><\/figure>\n\n\n\n<figure class=\"wp-block-image size-large\"><img data-recalc-dims=\"1\" loading=\"lazy\" decoding=\"async\" width=\"950\" height=\"713\" data-id=\"702\" src=\"https:\/\/i0.wp.com\/iglesiaelfaroinc.org\/wp-content\/uploads\/2024\/06\/440571223_1025383049102475_3616498545698938957_n.jpg?resize=950%2C713&#038;ssl=1\" alt=\"\" class=\"wp-image-702\" srcset=\"https:\/\/i0.wp.com\/iglesiaelfaroinc.org\/wp-content\/uploads\/2024\/06\/440571223_1025383049102475_3616498545698938957_n.jpg?resize=1024%2C768&amp;ssl=1 1024w, https:\/\/i0.wp.com\/iglesiaelfaroinc.org\/wp-content\/uploads\/2024\/06\/440571223_1025383049102475_3616498545698938957_n.jpg?resize=300%2C225&amp;ssl=1 300w, https:\/\/i0.wp.com\/iglesiaelfaroinc.org\/wp-content\/uploads\/2024\/06\/440571223_1025383049102475_3616498545698938957_n.jpg?resize=16%2C12&amp;ssl=1 16w, https:\/\/i0.wp.com\/iglesiaelfaroinc.org\/wp-content\/uploads\/2024\/06\/440571223_1025383049102475_3616498545698938957_n.jpg?w=1600&amp;ssl=1 1600w\" sizes=\"auto, (max-width: 950px) 100vw, 950px\" \/><\/figure>\n\n\n\n<figure class=\"wp-block-image size-large\"><img data-recalc-dims=\"1\" loading=\"lazy\" decoding=\"async\" width=\"950\" height=\"713\" data-id=\"703\" src=\"https:\/\/i0.wp.com\/iglesiaelfaroinc.org\/wp-content\/uploads\/2024\/06\/438174298_1025379712436142_3988765152452481182_n.jpg?resize=950%2C713&#038;ssl=1\" alt=\"\" class=\"wp-image-703\" srcset=\"https:\/\/i0.wp.com\/iglesiaelfaroinc.org\/wp-content\/uploads\/2024\/06\/438174298_1025379712436142_3988765152452481182_n.jpg?resize=1024%2C768&amp;ssl=1 1024w, https:\/\/i0.wp.com\/iglesiaelfaroinc.org\/wp-content\/uploads\/2024\/06\/438174298_1025379712436142_3988765152452481182_n.jpg?resize=300%2C225&amp;ssl=1 300w, https:\/\/i0.wp.com\/iglesiaelfaroinc.org\/wp-content\/uploads\/2024\/06\/438174298_1025379712436142_3988765152452481182_n.jpg?resize=16%2C12&amp;ssl=1 16w, https:\/\/i0.wp.com\/iglesiaelfaroinc.org\/wp-content\/uploads\/2024\/06\/438174298_1025379712436142_3988765152452481182_n.jpg?w=1600&amp;ssl=1 1600w\" sizes=\"auto, (max-width: 950px) 100vw, 950px\" \/><\/figure>\n\n\n\n<figure class=\"wp-block-image size-large\"><img data-recalc-dims=\"1\" loading=\"lazy\" decoding=\"async\" width=\"950\" height=\"713\" data-id=\"704\" src=\"https:\/\/i0.wp.com\/iglesiaelfaroinc.org\/wp-content\/uploads\/2024\/06\/440885916_1025379745769472_6460769611066952348_n.jpg?resize=950%2C713&#038;ssl=1\" alt=\"\" class=\"wp-image-704\" style=\"aspect-ratio:3\/2;object-fit:cover\" srcset=\"https:\/\/i0.wp.com\/iglesiaelfaroinc.org\/wp-content\/uploads\/2024\/06\/440885916_1025379745769472_6460769611066952348_n.jpg?resize=1024%2C768&amp;ssl=1 1024w, https:\/\/i0.wp.com\/iglesiaelfaroinc.org\/wp-content\/uploads\/2024\/06\/440885916_1025379745769472_6460769611066952348_n.jpg?resize=300%2C225&amp;ssl=1 300w, https:\/\/i0.wp.com\/iglesiaelfaroinc.org\/wp-content\/uploads\/2024\/06\/440885916_1025379745769472_6460769611066952348_n.jpg?resize=16%2C12&amp;ssl=1 16w, https:\/\/i0.wp.com\/iglesiaelfaroinc.org\/wp-content\/uploads\/2024\/06\/440885916_1025379745769472_6460769611066952348_n.jpg?w=1600&amp;ssl=1 1600w\" sizes=\"auto, (max-width: 950px) 100vw, 950px\" \/><\/figure>\n<\/figure>\n<\/div>\n<\/div>","protected":false},"excerpt":{"rendered":"<p>FELIZ D\u00cdA DEL PADRE CENA DE DAMAS<\/p>","protected":false},"author":1,"featured_media":0,"parent":0,"menu_order":0,"comment_status":"closed","ping_status":"closed","template":"page-templates\/full-width-no-title.php","meta":{"nf_dc_page":"","WB4WB4WP_MODE":"","WB4WP_PAGE_SCRIPTS":"","WB4WP_PAGE_STYLES":"","WB4WP_PAGE_FONTS":"","WB4WP_PAGE_HEADER":"","WB4WP_PAGE_FOOTER":"","_monsterinsights_skip_tracking":false,"_monsterinsights_sitenote_active":false,"_monsterinsights_sitenote_note":"","_monsterinsights_sitenote_category":0,"_uf_show_specific_survey":0,"_uf_disable_surveys":false,"inspiro_hide_title":false,"footnotes":""},"class_list":["post-695","page","type-page","status-publish","hentry"],"yoast_head":"<!-- This site is optimized with the Yoast SEO plugin v27.4 - https:\/\/yoast.com\/product\/yoast-seo-wordpress\/ -->\n<title>Damas y Caballeros<\/title>\n<meta name=\"description\" content=\"DAMAS Y CABALLEROS Si alguno me sirve, s\u00edgame; y donde yo estuviere, all\u00ed tambi\u00e9n estar\u00e1 mi servidor. Si alguno me sirviere, mi Padre le honrar\u00e1. Juan\" \/>\n<meta name=\"robots\" content=\"index, follow, max-snippet:-1, max-image-preview:large, max-video-preview:-1\" \/>\n<link rel=\"canonical\" href=\"https:\/\/iglesiaelfaroinc.org\/en\/damas-y-caballeros\/\" \/>\n<meta property=\"og:locale\" content=\"en_US\" \/>\n<meta property=\"og:type\" content=\"article\" \/>\n<meta property=\"og:title\" content=\"Damas y Caballeros\" \/>\n<meta property=\"og:description\" content=\"DAMAS Y CABALLEROS Si alguno me sirve, s\u00edgame; y donde yo estuviere, all\u00ed tambi\u00e9n estar\u00e1 mi servidor. Si alguno me sirviere, mi Padre le honrar\u00e1. Juan\" \/>\n<meta property=\"og:url\" content=\"https:\/\/iglesiaelfaroinc.org\/en\/damas-y-caballeros\/\" \/>\n<meta property=\"og:site_name\" content=\"iglesiaelfaroinc.org\" \/>\n<meta property=\"article:publisher\" content=\"https:\/\/www.facebook.com\/IglesiaElFaro01\/\" \/>\n<meta property=\"article:modified_time\" content=\"2024-10-11T18:56:22+00:00\" \/>\n<meta property=\"og:image\" content=\"https:\/\/i0.wp.com\/iglesiaelfaroinc.org\/wp-content\/uploads\/2024\/06\/R-2.jpeg?fit=1024%2C683&ssl=1\" \/>\n\t<meta property=\"og:image:width\" content=\"1024\" \/>\n\t<meta property=\"og:image:height\" content=\"683\" \/>\n\t<meta property=\"og:image:type\" content=\"image\/jpeg\" \/>\n<meta name=\"twitter:card\" content=\"summary_large_image\" \/>\n<meta name=\"twitter:site\" content=\"@iglesiaelfaro1\" \/>\n<meta name=\"twitter:label1\" content=\"Est. reading time\" \/>\n\t<meta name=\"twitter:data1\" content=\"2 minutes\" \/>\n<script type=\"application\/ld+json\" class=\"yoast-schema-graph\">{\"@context\":\"https:\\\/\\\/schema.org\",\"@graph\":[{\"@type\":\"WebPage\",\"@id\":\"https:\\\/\\\/iglesiaelfaroinc.org\\\/damas-y-caballeros\\\/\",\"url\":\"https:\\\/\\\/iglesiaelfaroinc.org\\\/damas-y-caballeros\\\/\",\"name\":\"Damas y Caballeros\",\"isPartOf\":{\"@id\":\"https:\\\/\\\/iglesiaelfaroinc.org\\\/#website\"},\"primaryImageOfPage\":{\"@id\":\"https:\\\/\\\/iglesiaelfaroinc.org\\\/damas-y-caballeros\\\/#primaryimage\"},\"image\":{\"@id\":\"https:\\\/\\\/iglesiaelfaroinc.org\\\/damas-y-caballeros\\\/#primaryimage\"},\"thumbnailUrl\":\"https:\\\/\\\/iglesiaelfaroinc.org\\\/wp-content\\\/uploads\\\/2024\\\/06\\\/R-2.jpeg\",\"datePublished\":\"2024-06-20T03:42:54+00:00\",\"dateModified\":\"2024-10-11T18:56:22+00:00\",\"description\":\"DAMAS Y CABALLEROS Si alguno me sirve, s\u00edgame; y donde yo estuviere, all\u00ed tambi\u00e9n estar\u00e1 mi servidor. Si alguno me sirviere, mi Padre le honrar\u00e1. Juan\",\"breadcrumb\":{\"@id\":\"https:\\\/\\\/iglesiaelfaroinc.org\\\/damas-y-caballeros\\\/#breadcrumb\"},\"inLanguage\":\"en-US\",\"potentialAction\":[{\"@type\":\"ReadAction\",\"target\":[\"https:\\\/\\\/iglesiaelfaroinc.org\\\/damas-y-caballeros\\\/\"]}]},{\"@type\":\"ImageObject\",\"inLanguage\":\"en-US\",\"@id\":\"https:\\\/\\\/iglesiaelfaroinc.org\\\/damas-y-caballeros\\\/#primaryimage\",\"url\":\"https:\\\/\\\/iglesiaelfaroinc.org\\\/wp-content\\\/uploads\\\/2024\\\/06\\\/R-2.jpeg\",\"contentUrl\":\"https:\\\/\\\/iglesiaelfaroinc.org\\\/wp-content\\\/uploads\\\/2024\\\/06\\\/R-2.jpeg\"},{\"@type\":\"BreadcrumbList\",\"@id\":\"https:\\\/\\\/iglesiaelfaroinc.org\\\/damas-y-caballeros\\\/#breadcrumb\",\"itemListElement\":[{\"@type\":\"ListItem\",\"position\":1,\"name\":\"Home\",\"item\":\"https:\\\/\\\/iglesiaelfaroinc.org\\\/\"},{\"@type\":\"ListItem\",\"position\":2,\"name\":\"Damas y Caballeros\"}]},{\"@type\":\"WebSite\",\"@id\":\"https:\\\/\\\/iglesiaelfaroinc.org\\\/#website\",\"url\":\"https:\\\/\\\/iglesiaelfaroinc.org\\\/\",\"name\":\"Iglesia El Faro Inc.\",\"description\":\"Multitudes Para Cristo\",\"publisher\":{\"@id\":\"https:\\\/\\\/iglesiaelfaroinc.org\\\/#organization\"},\"potentialAction\":[{\"@type\":\"SearchAction\",\"target\":{\"@type\":\"EntryPoint\",\"urlTemplate\":\"https:\\\/\\\/iglesiaelfaroinc.org\\\/?s={search_term_string}\"},\"query-input\":{\"@type\":\"PropertyValueSpecification\",\"valueRequired\":true,\"valueName\":\"search_term_string\"}}],\"inLanguage\":\"en-US\"},{\"@type\":\"Organization\",\"@id\":\"https:\\\/\\\/iglesiaelfaroinc.org\\\/#organization\",\"name\":\"Pentecostal Church of Jesus Christ El Faro Inc.\",\"alternateName\":\"Iglesia El Faro Inc.\",\"url\":\"https:\\\/\\\/iglesiaelfaroinc.org\\\/\",\"logo\":{\"@type\":\"ImageObject\",\"inLanguage\":\"en-US\",\"@id\":\"https:\\\/\\\/iglesiaelfaroinc.org\\\/#\\\/schema\\\/logo\\\/image\\\/\",\"url\":\"https:\\\/\\\/i0.wp.com\\\/iglesiaelfaroinc.org\\\/wp-content\\\/uploads\\\/2024\\\/06\\\/cropped-cropped-cropped-Untitled-removebg-preview-removebg-preview-1-1.png?fit=409%2C419&ssl=1\",\"contentUrl\":\"https:\\\/\\\/i0.wp.com\\\/iglesiaelfaroinc.org\\\/wp-content\\\/uploads\\\/2024\\\/06\\\/cropped-cropped-cropped-Untitled-removebg-preview-removebg-preview-1-1.png?fit=409%2C419&ssl=1\",\"width\":409,\"height\":419,\"caption\":\"Pentecostal Church of Jesus Christ El Faro Inc.\"},\"image\":{\"@id\":\"https:\\\/\\\/iglesiaelfaroinc.org\\\/#\\\/schema\\\/logo\\\/image\\\/\"},\"sameAs\":[\"https:\\\/\\\/www.facebook.com\\\/IglesiaElFaro01\\\/\",\"https:\\\/\\\/x.com\\\/iglesiaelfaro1\",\"https:\\\/\\\/www.instagram.com\\\/iglesiaelfarompc\\\/\",\"https:\\\/\\\/www.youtube.com\\\/channel\\\/UCH3OXcplPzF-yuQ3T1_LEEA\"]}]}<\/script>\n<!-- \/ Yoast SEO plugin. -->","yoast_head_json":{"title":"Damas y Caballeros","description":"DAMAS Y CABALLEROS Si alguno me sirve, s\u00edgame; y donde yo estuviere, all\u00ed tambi\u00e9n estar\u00e1 mi servidor. Si alguno me sirviere, mi Padre le honrar\u00e1. Juan","robots":{"index":"index","follow":"follow","max-snippet":"max-snippet:-1","max-image-preview":"max-image-preview:large","max-video-preview":"max-video-preview:-1"},"canonical":"https:\/\/iglesiaelfaroinc.org\/en\/damas-y-caballeros\/","og_locale":"en_US","og_type":"article","og_title":"Damas y Caballeros","og_description":"DAMAS Y CABALLEROS Si alguno me sirve, s\u00edgame; y donde yo estuviere, all\u00ed tambi\u00e9n estar\u00e1 mi servidor. Si alguno me sirviere, mi Padre le honrar\u00e1. Juan","og_url":"https:\/\/iglesiaelfaroinc.org\/en\/damas-y-caballeros\/","og_site_name":"iglesiaelfaroinc.org","article_publisher":"https:\/\/www.facebook.com\/IglesiaElFaro01\/","article_modified_time":"2024-10-11T18:56:22+00:00","og_image":[{"width":1024,"height":683,"url":"https:\/\/i0.wp.com\/iglesiaelfaroinc.org\/wp-content\/uploads\/2024\/06\/R-2.jpeg?fit=1024%2C683&ssl=1","type":"image\/jpeg"}],"twitter_card":"summary_large_image","twitter_site":"@iglesiaelfaro1","twitter_misc":{"Est. reading time":"2 minutes"},"schema":{"@context":"https:\/\/schema.org","@graph":[{"@type":"WebPage","@id":"https:\/\/iglesiaelfaroinc.org\/damas-y-caballeros\/","url":"https:\/\/iglesiaelfaroinc.org\/damas-y-caballeros\/","name":"Damas y Caballeros","isPartOf":{"@id":"https:\/\/iglesiaelfaroinc.org\/#website"},"primaryImageOfPage":{"@id":"https:\/\/iglesiaelfaroinc.org\/damas-y-caballeros\/#primaryimage"},"image":{"@id":"https:\/\/iglesiaelfaroinc.org\/damas-y-caballeros\/#primaryimage"},"thumbnailUrl":"https:\/\/iglesiaelfaroinc.org\/wp-content\/uploads\/2024\/06\/R-2.jpeg","datePublished":"2024-06-20T03:42:54+00:00","dateModified":"2024-10-11T18:56:22+00:00","description":"DAMAS Y CABALLEROS Si alguno me sirve, s\u00edgame; y donde yo estuviere, all\u00ed tambi\u00e9n estar\u00e1 mi servidor. Si alguno me sirviere, mi Padre le honrar\u00e1. Juan","breadcrumb":{"@id":"https:\/\/iglesiaelfaroinc.org\/damas-y-caballeros\/#breadcrumb"},"inLanguage":"en-US","potentialAction":[{"@type":"ReadAction","target":["https:\/\/iglesiaelfaroinc.org\/damas-y-caballeros\/"]}]},{"@type":"ImageObject","inLanguage":"en-US","@id":"https:\/\/iglesiaelfaroinc.org\/damas-y-caballeros\/#primaryimage","url":"https:\/\/iglesiaelfaroinc.org\/wp-content\/uploads\/2024\/06\/R-2.jpeg","contentUrl":"https:\/\/iglesiaelfaroinc.org\/wp-content\/uploads\/2024\/06\/R-2.jpeg"},{"@type":"BreadcrumbList","@id":"https:\/\/iglesiaelfaroinc.org\/damas-y-caballeros\/#breadcrumb","itemListElement":[{"@type":"ListItem","position":1,"name":"Home","item":"https:\/\/iglesiaelfaroinc.org\/"},{"@type":"ListItem","position":2,"name":"Damas y Caballeros"}]},{"@type":"WebSite","@id":"https:\/\/iglesiaelfaroinc.org\/#website","url":"https:\/\/iglesiaelfaroinc.org\/","name":"Iglesia El Faro Inc.","description":"Multitudes Para Cristo","publisher":{"@id":"https:\/\/iglesiaelfaroinc.org\/#organization"},"potentialAction":[{"@type":"SearchAction","target":{"@type":"EntryPoint","urlTemplate":"https:\/\/iglesiaelfaroinc.org\/?s={search_term_string}"},"query-input":{"@type":"PropertyValueSpecification","valueRequired":true,"valueName":"search_term_string"}}],"inLanguage":"en-US"},{"@type":"Organization","@id":"https:\/\/iglesiaelfaroinc.org\/#organization","name":"Pentecostal Church of Jesus Christ El Faro Inc.","alternateName":"Iglesia El Faro Inc.","url":"https:\/\/iglesiaelfaroinc.org\/","logo":{"@type":"ImageObject","inLanguage":"en-US","@id":"https:\/\/iglesiaelfaroinc.org\/#\/schema\/logo\/image\/","url":"https:\/\/i0.wp.com\/iglesiaelfaroinc.org\/wp-content\/uploads\/2024\/06\/cropped-cropped-cropped-Untitled-removebg-preview-removebg-preview-1-1.png?fit=409%2C419&ssl=1","contentUrl":"https:\/\/i0.wp.com\/iglesiaelfaroinc.org\/wp-content\/uploads\/2024\/06\/cropped-cropped-cropped-Untitled-removebg-preview-removebg-preview-1-1.png?fit=409%2C419&ssl=1","width":409,"height":419,"caption":"Pentecostal Church of Jesus Christ El Faro Inc."},"image":{"@id":"https:\/\/iglesiaelfaroinc.org\/#\/schema\/logo\/image\/"},"sameAs":["https:\/\/www.facebook.com\/IglesiaElFaro01\/","https:\/\/x.com\/iglesiaelfaro1","https:\/\/www.instagram.com\/iglesiaelfarompc\/","https:\/\/www.youtube.com\/channel\/UCH3OXcplPzF-yuQ3T1_LEEA"]}]}},"jetpack_sharing_enabled":true,"featured_media_urls":[],"_links":{"self":[{"href":"https:\/\/iglesiaelfaroinc.org\/en\/wp-json\/wp\/v2\/pages\/695","targetHints":{"allow":["GET"]}}],"collection":[{"href":"https:\/\/iglesiaelfaroinc.org\/en\/wp-json\/wp\/v2\/pages"}],"about":[{"href":"https:\/\/iglesiaelfaroinc.org\/en\/wp-json\/wp\/v2\/types\/page"}],"author":[{"embeddable":true,"href":"https:\/\/iglesiaelfaroinc.org\/en\/wp-json\/wp\/v2\/users\/1"}],"replies":[{"embeddable":true,"href":"https:\/\/iglesiaelfaroinc.org\/en\/wp-json\/wp\/v2\/comments?post=695"}],"version-history":[{"count":5,"href":"https:\/\/iglesiaelfaroinc.org\/en\/wp-json\/wp\/v2\/pages\/695\/revisions"}],"predecessor-version":[{"id":1151,"href":"https:\/\/iglesiaelfaroinc.org\/en\/wp-json\/wp\/v2\/pages\/695\/revisions\/1151"}],"wp:attachment":[{"href":"https:\/\/iglesiaelfaroinc.org\/en\/wp-json\/wp\/v2\/media?parent=695"}],"curies":[{"name":"wp","href":"https:\/\/api.w.org\/{rel}","templated":true}]}}