{"id":740,"date":"2024-06-20T04:46:04","date_gmt":"2024-06-20T04:46:04","guid":{"rendered":"https:\/\/iglesiaelfaroinc.org\/?page_id=740"},"modified":"2024-06-28T23:29:23","modified_gmt":"2024-06-28T23:29:23","slug":"centro-communal-el-faro-inc","status":"publish","type":"page","link":"https:\/\/iglesiaelfaroinc.org\/en\/centro-communal-el-faro-inc\/","title":{"rendered":"Community Center El Faro Inc."},"content":{"rendered":"<div class=\"wp-block-cover alignfull has-x-small-font-size has-aspect-ratio\" style=\"margin-top:0;margin-bottom:0;padding-top:0;padding-right:0;padding-bottom:0;padding-left:0;min-height:708px;aspect-ratio:4\/3;min-height:unset;\"><span aria-hidden=\"true\" class=\"wp-block-cover__background has-primary-background-color has-background-dim\"><\/span><img data-recalc-dims=\"1\" loading=\"lazy\" decoding=\"async\" width=\"950\" height=\"534\" class=\"wp-block-cover__image-background wp-image-751\" alt=\"\" src=\"https:\/\/i0.wp.com\/iglesiaelfaroinc.org\/wp-content\/uploads\/2024\/06\/Comunity-Center-El-Faro.png?resize=950%2C534&#038;ssl=1\" style=\"object-position:50% 55%\" data-object-fit=\"cover\" data-object-position=\"50% 55%\" srcset=\"https:\/\/i0.wp.com\/iglesiaelfaroinc.org\/wp-content\/uploads\/2024\/06\/Comunity-Center-El-Faro.png?w=4402&amp;ssl=1 4402w, https:\/\/i0.wp.com\/iglesiaelfaroinc.org\/wp-content\/uploads\/2024\/06\/Comunity-Center-El-Faro.png?resize=300%2C169&amp;ssl=1 300w, https:\/\/i0.wp.com\/iglesiaelfaroinc.org\/wp-content\/uploads\/2024\/06\/Comunity-Center-El-Faro.png?resize=1024%2C576&amp;ssl=1 1024w, https:\/\/i0.wp.com\/iglesiaelfaroinc.org\/wp-content\/uploads\/2024\/06\/Comunity-Center-El-Faro.png?resize=2000%2C1124&amp;ssl=1 2000w, https:\/\/i0.wp.com\/iglesiaelfaroinc.org\/wp-content\/uploads\/2024\/06\/Comunity-Center-El-Faro.png?resize=18%2C10&amp;ssl=1 18w, https:\/\/i0.wp.com\/iglesiaelfaroinc.org\/wp-content\/uploads\/2024\/06\/Comunity-Center-El-Faro.png?w=1900&amp;ssl=1 1900w, https:\/\/i0.wp.com\/iglesiaelfaroinc.org\/wp-content\/uploads\/2024\/06\/Comunity-Center-El-Faro.png?w=2850&amp;ssl=1 2850w\" sizes=\"auto, (max-width: 950px) 100vw, 950px\" \/><div class=\"wp-block-cover__inner-container has-global-padding is-layout-constrained wp-container-core-cover-is-layout-72190d31 wp-block-cover-is-layout-constrained\">\n<p class=\"\"><\/p>\n<\/div><\/div>\n\n\n\n<div class=\"wp-block-group has-border-color has-primary-border-color is-layout-flow wp-container-core-group-is-layout-a77db08e wp-block-group-is-layout-flow\" style=\"border-width:1px;border-radius:8px\">\n<div class=\"wp-block-group has-primary-background-color has-background has-global-padding is-layout-constrained wp-container-core-group-is-layout-b771b6eb wp-block-group-is-layout-constrained\" style=\"border-top-left-radius:8px;border-top-right-radius:8px;border-bottom-left-radius:0px;border-bottom-right-radius:0px;padding-top:var(--wp--preset--spacing--large);padding-right:11px;padding-bottom:var(--wp--preset--spacing--large);padding-left:11px\">\n<div class=\"wp-block-group has-global-padding is-layout-constrained wp-block-group-is-layout-constrained\">\n<div class=\"wp-block-group has-small-font-size has-global-padding is-layout-constrained wp-container-core-group-is-layout-38d81469 wp-block-group-is-layout-constrained\" style=\"min-height:0px;margin-top:0;margin-bottom:0;padding-top:0;padding-right:0;padding-bottom:0;padding-left:0\">\n<h1 class=\"wp-block-heading has-text-align-center has-background-color has-text-color has-link-color wp-elements-967de4975d41c5f79eb40fea429bd550\">COMMUNITY CENTER EL FARO INC.<\/h1>\n\n\n\n<div style=\"height:var(--wp--preset--spacing--x-small)\" aria-hidden=\"true\" class=\"wp-block-spacer\"><\/div>\n\n\n\n<p class=\"\"><\/p>\n\n\n\n<div class=\"wp-block-group nfd-wb-animate nfd-wb-zoom-in has-global-padding is-layout-constrained wp-container-core-group-is-layout-19e250f3 wp-block-group-is-layout-constrained\">\n<p class=\"nfd-text-md nfd-text-balance nfd-text-faded has-text-align-center has-background-color has-text-color has-link-color wp-elements-ed1a377fcaf04c2813f08f4da19010fc\">The mission is to serve, empower, and connect our community. Our main purpose is to help others.<\/p>\n\n\n\n<div style=\"height:var(--wp--preset--spacing--x-small)\" aria-hidden=\"true\" class=\"wp-block-spacer\"><\/div>\n<\/div>\n<\/div>\n\n\n\n<ul class=\"is-style-logos-only wp-block-social-links has-normal-icon-size has-icon-color is-content-justification-center is-layout-flex wp-container-core-social-links-is-layout-a89b3969 wp-block-social-links-is-layout-flex\"><li style=\"color:#ffffff;\" class=\"wp-social-link wp-social-link-facebook has-white-color wp-block-social-link\"><a href=\"https:\/\/www.facebook.com\/share\/MgZCUko6Da4kHCJr\/\" class=\"wp-block-social-link-anchor\"><svg width=\"24\" height=\"24\" viewbox=\"0 0 24 24\" version=\"1.1\" xmlns=\"http:\/\/www.w3.org\/2000\/svg\" aria-hidden=\"true\" focusable=\"false\"><path d=\"M12 2C6.5 2 2 6.5 2 12c0 5 3.7 9.1 8.4 9.9v-7H7.9V12h2.5V9.8c0-2.5 1.5-3.9 3.8-3.9 1.1 0 2.2.2 2.2.2v2.5h-1.3c-1.2 0-1.6.8-1.6 1.6V12h2.8l-.4 2.9h-2.3v7C18.3 21.1 22 17 22 12c0-5.5-4.5-10-10-10z\"><\/path><\/svg><span class=\"wp-block-social-link-label screen-reader-text\">Facebook<\/span><\/a><\/li><\/ul>\n<\/div>\n<\/div>\n<\/div>","protected":false},"excerpt":{"rendered":"<p>CENTRO COMUNAL EL FARO INC. La misi\u00f3n es servir, empoderar y conectar a nuestra comunidad. Nuestro principal prop\u00f3sito es ayudar a los dem\u00e1s.<\/p>","protected":false},"author":1,"featured_media":0,"parent":0,"menu_order":0,"comment_status":"closed","ping_status":"closed","template":"page-templates\/full-width-no-title.php","meta":{"nf_dc_page":"","WB4WB4WP_MODE":"","WB4WP_PAGE_SCRIPTS":"","WB4WP_PAGE_STYLES":"","WB4WP_PAGE_FONTS":"","WB4WP_PAGE_HEADER":"","WB4WP_PAGE_FOOTER":"","_monsterinsights_skip_tracking":false,"_monsterinsights_sitenote_active":false,"_monsterinsights_sitenote_note":"","_monsterinsights_sitenote_category":0,"_uf_show_specific_survey":0,"_uf_disable_surveys":false,"inspiro_hide_title":false,"footnotes":""},"class_list":["post-740","page","type-page","status-publish","hentry"],"yoast_head":"<!-- This site is optimized with the Yoast SEO plugin v27.4 - https:\/\/yoast.com\/product\/yoast-seo-wordpress\/ -->\n<title>Centro Communal El Faro Inc.<\/title>\n<meta name=\"description\" content=\"Ayudar a los dem\u00e1s es nuestro principal objetivo. Nuestra misi\u00f3n es empoderar, servir y conectarnos con la comunidad de Filadelfia.\" \/>\n<meta name=\"robots\" content=\"index, follow, max-snippet:-1, max-image-preview:large, max-video-preview:-1\" \/>\n<link rel=\"canonical\" href=\"https:\/\/iglesiaelfaroinc.org\/en\/centro-communal-el-faro-inc\/\" \/>\n<meta property=\"og:locale\" content=\"en_US\" \/>\n<meta property=\"og:type\" content=\"article\" \/>\n<meta property=\"og:title\" content=\"Centro Communal El Faro Inc.\" \/>\n<meta property=\"og:description\" content=\"Ayudar a los dem\u00e1s es nuestro principal objetivo. Nuestra misi\u00f3n es empoderar, servir y conectarnos con la comunidad de Filadelfia.\" \/>\n<meta property=\"og:url\" content=\"https:\/\/iglesiaelfaroinc.org\/en\/centro-communal-el-faro-inc\/\" \/>\n<meta property=\"og:site_name\" content=\"iglesiaelfaroinc.org\" \/>\n<meta property=\"article:publisher\" content=\"https:\/\/www.facebook.com\/IglesiaElFaro01\/\" \/>\n<meta property=\"article:modified_time\" content=\"2024-06-28T23:29:23+00:00\" \/>\n<meta property=\"og:image\" content=\"https:\/\/iglesiaelfaroinc.org\/wp-content\/uploads\/2024\/06\/Comunity-Center-El-Faro.png\" \/>\n<meta name=\"twitter:card\" content=\"summary_large_image\" \/>\n<meta name=\"twitter:site\" content=\"@iglesiaelfaro1\" \/>\n<meta name=\"twitter:label1\" content=\"Est. reading time\" \/>\n\t<meta name=\"twitter:data1\" content=\"1 minute\" \/>\n<script type=\"application\/ld+json\" class=\"yoast-schema-graph\">{\"@context\":\"https:\\\/\\\/schema.org\",\"@graph\":[{\"@type\":\"WebPage\",\"@id\":\"https:\\\/\\\/iglesiaelfaroinc.org\\\/centro-communal-el-faro-inc\\\/\",\"url\":\"https:\\\/\\\/iglesiaelfaroinc.org\\\/centro-communal-el-faro-inc\\\/\",\"name\":\"Centro Communal El Faro Inc.\",\"isPartOf\":{\"@id\":\"https:\\\/\\\/iglesiaelfaroinc.org\\\/#website\"},\"primaryImageOfPage\":{\"@id\":\"https:\\\/\\\/iglesiaelfaroinc.org\\\/centro-communal-el-faro-inc\\\/#primaryimage\"},\"image\":{\"@id\":\"https:\\\/\\\/iglesiaelfaroinc.org\\\/centro-communal-el-faro-inc\\\/#primaryimage\"},\"thumbnailUrl\":\"https:\\\/\\\/iglesiaelfaroinc.org\\\/wp-content\\\/uploads\\\/2024\\\/06\\\/Comunity-Center-El-Faro.png\",\"datePublished\":\"2024-06-20T04:46:04+00:00\",\"dateModified\":\"2024-06-28T23:29:23+00:00\",\"description\":\"Ayudar a los dem\u00e1s es nuestro principal objetivo. Nuestra misi\u00f3n es empoderar, servir y conectarnos con la comunidad de Filadelfia.\",\"breadcrumb\":{\"@id\":\"https:\\\/\\\/iglesiaelfaroinc.org\\\/centro-communal-el-faro-inc\\\/#breadcrumb\"},\"inLanguage\":\"en-US\",\"potentialAction\":[{\"@type\":\"ReadAction\",\"target\":[\"https:\\\/\\\/iglesiaelfaroinc.org\\\/centro-communal-el-faro-inc\\\/\"]}]},{\"@type\":\"ImageObject\",\"inLanguage\":\"en-US\",\"@id\":\"https:\\\/\\\/iglesiaelfaroinc.org\\\/centro-communal-el-faro-inc\\\/#primaryimage\",\"url\":\"https:\\\/\\\/iglesiaelfaroinc.org\\\/wp-content\\\/uploads\\\/2024\\\/06\\\/Comunity-Center-El-Faro.png\",\"contentUrl\":\"https:\\\/\\\/iglesiaelfaroinc.org\\\/wp-content\\\/uploads\\\/2024\\\/06\\\/Comunity-Center-El-Faro.png\"},{\"@type\":\"BreadcrumbList\",\"@id\":\"https:\\\/\\\/iglesiaelfaroinc.org\\\/centro-communal-el-faro-inc\\\/#breadcrumb\",\"itemListElement\":[{\"@type\":\"ListItem\",\"position\":1,\"name\":\"Home\",\"item\":\"https:\\\/\\\/iglesiaelfaroinc.org\\\/\"},{\"@type\":\"ListItem\",\"position\":2,\"name\":\"Centro Communal El Faro Inc.\"}]},{\"@type\":\"WebSite\",\"@id\":\"https:\\\/\\\/iglesiaelfaroinc.org\\\/#website\",\"url\":\"https:\\\/\\\/iglesiaelfaroinc.org\\\/\",\"name\":\"Iglesia El Faro Inc.\",\"description\":\"Multitudes Para Cristo\",\"publisher\":{\"@id\":\"https:\\\/\\\/iglesiaelfaroinc.org\\\/#organization\"},\"potentialAction\":[{\"@type\":\"SearchAction\",\"target\":{\"@type\":\"EntryPoint\",\"urlTemplate\":\"https:\\\/\\\/iglesiaelfaroinc.org\\\/?s={search_term_string}\"},\"query-input\":{\"@type\":\"PropertyValueSpecification\",\"valueRequired\":true,\"valueName\":\"search_term_string\"}}],\"inLanguage\":\"en-US\"},{\"@type\":\"Organization\",\"@id\":\"https:\\\/\\\/iglesiaelfaroinc.org\\\/#organization\",\"name\":\"Pentecostal Church of Jesus Christ El Faro Inc.\",\"alternateName\":\"Iglesia El Faro Inc.\",\"url\":\"https:\\\/\\\/iglesiaelfaroinc.org\\\/\",\"logo\":{\"@type\":\"ImageObject\",\"inLanguage\":\"en-US\",\"@id\":\"https:\\\/\\\/iglesiaelfaroinc.org\\\/#\\\/schema\\\/logo\\\/image\\\/\",\"url\":\"https:\\\/\\\/i0.wp.com\\\/iglesiaelfaroinc.org\\\/wp-content\\\/uploads\\\/2024\\\/06\\\/cropped-cropped-cropped-Untitled-removebg-preview-removebg-preview-1-1.png?fit=409%2C419&ssl=1\",\"contentUrl\":\"https:\\\/\\\/i0.wp.com\\\/iglesiaelfaroinc.org\\\/wp-content\\\/uploads\\\/2024\\\/06\\\/cropped-cropped-cropped-Untitled-removebg-preview-removebg-preview-1-1.png?fit=409%2C419&ssl=1\",\"width\":409,\"height\":419,\"caption\":\"Pentecostal Church of Jesus Christ El Faro Inc.\"},\"image\":{\"@id\":\"https:\\\/\\\/iglesiaelfaroinc.org\\\/#\\\/schema\\\/logo\\\/image\\\/\"},\"sameAs\":[\"https:\\\/\\\/www.facebook.com\\\/IglesiaElFaro01\\\/\",\"https:\\\/\\\/x.com\\\/iglesiaelfaro1\",\"https:\\\/\\\/www.instagram.com\\\/iglesiaelfarompc\\\/\",\"https:\\\/\\\/www.youtube.com\\\/channel\\\/UCH3OXcplPzF-yuQ3T1_LEEA\"]}]}<\/script>\n<!-- \/ Yoast SEO plugin. -->","yoast_head_json":{"title":"Community Center El Faro Inc.","description":"Ayudar a los dem\u00e1s es nuestro principal objetivo. Nuestra misi\u00f3n es empoderar, servir y conectarnos con la comunidad de Filadelfia.","robots":{"index":"index","follow":"follow","max-snippet":"max-snippet:-1","max-image-preview":"max-image-preview:large","max-video-preview":"max-video-preview:-1"},"canonical":"https:\/\/iglesiaelfaroinc.org\/en\/centro-communal-el-faro-inc\/","og_locale":"en_US","og_type":"article","og_title":"Centro Communal El Faro Inc.","og_description":"Ayudar a los dem\u00e1s es nuestro principal objetivo. Nuestra misi\u00f3n es empoderar, servir y conectarnos con la comunidad de Filadelfia.","og_url":"https:\/\/iglesiaelfaroinc.org\/en\/centro-communal-el-faro-inc\/","og_site_name":"iglesiaelfaroinc.org","article_publisher":"https:\/\/www.facebook.com\/IglesiaElFaro01\/","article_modified_time":"2024-06-28T23:29:23+00:00","og_image":[{"url":"https:\/\/iglesiaelfaroinc.org\/wp-content\/uploads\/2024\/06\/Comunity-Center-El-Faro.png","type":"","width":"","height":""}],"twitter_card":"summary_large_image","twitter_site":"@iglesiaelfaro1","twitter_misc":{"Est. reading time":"1 minute"},"schema":{"@context":"https:\/\/schema.org","@graph":[{"@type":"WebPage","@id":"https:\/\/iglesiaelfaroinc.org\/centro-communal-el-faro-inc\/","url":"https:\/\/iglesiaelfaroinc.org\/centro-communal-el-faro-inc\/","name":"Community Center El Faro Inc.","isPartOf":{"@id":"https:\/\/iglesiaelfaroinc.org\/#website"},"primaryImageOfPage":{"@id":"https:\/\/iglesiaelfaroinc.org\/centro-communal-el-faro-inc\/#primaryimage"},"image":{"@id":"https:\/\/iglesiaelfaroinc.org\/centro-communal-el-faro-inc\/#primaryimage"},"thumbnailUrl":"https:\/\/iglesiaelfaroinc.org\/wp-content\/uploads\/2024\/06\/Comunity-Center-El-Faro.png","datePublished":"2024-06-20T04:46:04+00:00","dateModified":"2024-06-28T23:29:23+00:00","description":"Ayudar a los dem\u00e1s es nuestro principal objetivo. Nuestra misi\u00f3n es empoderar, servir y conectarnos con la comunidad de Filadelfia.","breadcrumb":{"@id":"https:\/\/iglesiaelfaroinc.org\/centro-communal-el-faro-inc\/#breadcrumb"},"inLanguage":"en-US","potentialAction":[{"@type":"ReadAction","target":["https:\/\/iglesiaelfaroinc.org\/centro-communal-el-faro-inc\/"]}]},{"@type":"ImageObject","inLanguage":"en-US","@id":"https:\/\/iglesiaelfaroinc.org\/centro-communal-el-faro-inc\/#primaryimage","url":"https:\/\/iglesiaelfaroinc.org\/wp-content\/uploads\/2024\/06\/Comunity-Center-El-Faro.png","contentUrl":"https:\/\/iglesiaelfaroinc.org\/wp-content\/uploads\/2024\/06\/Comunity-Center-El-Faro.png"},{"@type":"BreadcrumbList","@id":"https:\/\/iglesiaelfaroinc.org\/centro-communal-el-faro-inc\/#breadcrumb","itemListElement":[{"@type":"ListItem","position":1,"name":"Home","item":"https:\/\/iglesiaelfaroinc.org\/"},{"@type":"ListItem","position":2,"name":"Centro Communal El Faro Inc."}]},{"@type":"WebSite","@id":"https:\/\/iglesiaelfaroinc.org\/#website","url":"https:\/\/iglesiaelfaroinc.org\/","name":"Iglesia El Faro Inc.","description":"Multitudes Para Cristo","publisher":{"@id":"https:\/\/iglesiaelfaroinc.org\/#organization"},"potentialAction":[{"@type":"SearchAction","target":{"@type":"EntryPoint","urlTemplate":"https:\/\/iglesiaelfaroinc.org\/?s={search_term_string}"},"query-input":{"@type":"PropertyValueSpecification","valueRequired":true,"valueName":"search_term_string"}}],"inLanguage":"en-US"},{"@type":"Organization","@id":"https:\/\/iglesiaelfaroinc.org\/#organization","name":"Pentecostal Church of Jesus Christ El Faro Inc.","alternateName":"Iglesia El Faro Inc.","url":"https:\/\/iglesiaelfaroinc.org\/","logo":{"@type":"ImageObject","inLanguage":"en-US","@id":"https:\/\/iglesiaelfaroinc.org\/#\/schema\/logo\/image\/","url":"https:\/\/i0.wp.com\/iglesiaelfaroinc.org\/wp-content\/uploads\/2024\/06\/cropped-cropped-cropped-Untitled-removebg-preview-removebg-preview-1-1.png?fit=409%2C419&ssl=1","contentUrl":"https:\/\/i0.wp.com\/iglesiaelfaroinc.org\/wp-content\/uploads\/2024\/06\/cropped-cropped-cropped-Untitled-removebg-preview-removebg-preview-1-1.png?fit=409%2C419&ssl=1","width":409,"height":419,"caption":"Pentecostal Church of Jesus Christ El Faro Inc."},"image":{"@id":"https:\/\/iglesiaelfaroinc.org\/#\/schema\/logo\/image\/"},"sameAs":["https:\/\/www.facebook.com\/IglesiaElFaro01\/","https:\/\/x.com\/iglesiaelfaro1","https:\/\/www.instagram.com\/iglesiaelfarompc\/","https:\/\/www.youtube.com\/channel\/UCH3OXcplPzF-yuQ3T1_LEEA"]}]}},"jetpack_sharing_enabled":true,"featured_media_urls":[],"_links":{"self":[{"href":"https:\/\/iglesiaelfaroinc.org\/en\/wp-json\/wp\/v2\/pages\/740","targetHints":{"allow":["GET"]}}],"collection":[{"href":"https:\/\/iglesiaelfaroinc.org\/en\/wp-json\/wp\/v2\/pages"}],"about":[{"href":"https:\/\/iglesiaelfaroinc.org\/en\/wp-json\/wp\/v2\/types\/page"}],"author":[{"embeddable":true,"href":"https:\/\/iglesiaelfaroinc.org\/en\/wp-json\/wp\/v2\/users\/1"}],"replies":[{"embeddable":true,"href":"https:\/\/iglesiaelfaroinc.org\/en\/wp-json\/wp\/v2\/comments?post=740"}],"version-history":[{"count":5,"href":"https:\/\/iglesiaelfaroinc.org\/en\/wp-json\/wp\/v2\/pages\/740\/revisions"}],"predecessor-version":[{"id":960,"href":"https:\/\/iglesiaelfaroinc.org\/en\/wp-json\/wp\/v2\/pages\/740\/revisions\/960"}],"wp:attachment":[{"href":"https:\/\/iglesiaelfaroinc.org\/en\/wp-json\/wp\/v2\/media?parent=740"}],"curies":[{"name":"wp","href":"https:\/\/api.w.org\/{rel}","templated":true}]}}